{"id":582,"date":"2018-03-15T16:41:26","date_gmt":"2018-03-15T15:41:26","guid":{"rendered":"http:\/\/fimaher.pruebasweb.com.es\/inicio\/"},"modified":"2020-12-30T10:39:34","modified_gmt":"2020-12-30T09:39:34","slug":"inicio","status":"publish","type":"page","link":"https:\/\/fimaher.com\/ca\/","title":{"rendered":"Inici"},"content":{"rendered":"<p><div class=\"fusion-fullwidth fullwidth-box fusion-builder-row-1 nonhundred-percent-fullwidth non-hundred-percent-height-scrolling\" style=\"--awb-border-radius-top-left:0px;--awb-border-radius-top-right:0px;--awb-border-radius-bottom-right:0px;--awb-border-radius-bottom-left:0px;--awb-padding-top:4%;--awb-padding-bottom:2%;--awb-background-color:rgba(252,250,250,0.9);--awb-flex-wrap:wrap;\" ><div class=\"fusion-builder-row fusion-row\"><div class=\"fusion-layout-column fusion_builder_column fusion-builder-column-0 fusion_builder_column_1_1 1_1 fusion-one-full fusion-column-first fusion-column-last\" style=\"--awb-bg-size:cover;\"><div class=\"fusion-column-wrapper fusion-flex-column-wrapper-legacy\"><div class=\"fusion-text fusion-text-1\"><h1 style=\"text-align: center; color: #146aa2;\">Tripa natural per a embotits<\/h1>\n<\/div><div class=\"fusion-text fusion-text-2\"><h2 style=\"text-align: center;\">Fimaher \u00e9s una empresa especialitzada en la selecci\u00f3, venda i distribuci\u00f3 de tripa natural de porc, xai i vedella, per a tot tipus d&#8217;embotits.<\/h2>\n<\/div><div class=\"fusion-clearfix\"><\/div><\/div><\/div><\/div><\/div><div class=\"fusion-fullwidth fullwidth-box fusion-builder-row-2 hundred-percent-fullwidth non-hundred-percent-height-scrolling fusion-no-small-visibility\" style=\"--awb-border-radius-top-left:0px;--awb-border-radius-top-right:0px;--awb-border-radius-bottom-right:0px;--awb-border-radius-bottom-left:0px;--awb-padding-top:0px;--awb-padding-right:0px;--awb-padding-bottom:0px;--awb-padding-left:0px;--awb-flex-wrap:wrap;\" ><div class=\"fusion-builder-row fusion-row\"><div class=\"fusion-layout-column fusion_builder_column fusion-builder-column-1 fusion_builder_column_2_5 2_5 fusion-two-fifth fusion-column-first\" style=\"--awb-padding-left:25%;--awb-bg-size:cover;--awb-margin-bottom:0px;width:40%;width:calc(40% - ( ( 4% ) * 0.4 ) );margin-right: 4%;\"><div class=\"fusion-column-wrapper fusion-flex-column-wrapper-legacy\"><div class=\"fusion-sep-clear\"><\/div><div class=\"fusion-separator fusion-full-width-sep\" style=\"margin-left: auto;margin-right: auto;margin-top:60px;width:100%;\"><\/div><div class=\"fusion-sep-clear\"><\/div><div class=\"fusion-text fusion-text-3\"><p>La <strong>tripa natural<\/strong> s&#8217;associa a productes de qualitat per tant \u00e9s el material idoni per a l&#8217;elaboraci\u00f3 d&#8217;embotits frescos, curats i cuits.<\/p>\n<p>Entre els beneficis existents en l&#8217;\u00fas de tripa natural destaquem:<\/p>\n<\/div><div class=\"fusion-sep-clear\"><\/div><div class=\"fusion-separator fusion-full-width-sep\" style=\"margin-left: auto;margin-right: auto;margin-top:20px;width:100%;\"><\/div><div class=\"fusion-sep-clear\"><\/div><div class=\"fusion-text fusion-text-4\"><ol id=\"lista4\">\n<li>Permeabilitat del producte al vapor, fum i altres gasos<\/li>\n<li>Major elasticitat a l&#8217;hora d&#8217;embotir<\/li>\n<li>Aspecte artesanal i bona textura dels productes, aportant-los un aspecte m\u00e9s atractiu<\/li>\n<li>Ofereix protecci\u00f3 natural<\/li>\n<li>\u00c9s comestible<\/li>\n<\/ol>\n<\/div><div class=\"fusion-clearfix\"><\/div><\/div><\/div><div class=\"fusion-layout-column fusion_builder_column fusion-builder-column-2 fusion_builder_column_3_5 3_5 fusion-three-fifth fusion-column-last fusion-animated\" style=\"--awb-bg-position:center top;--awb-bg-size:cover;--awb-margin-bottom:0px;width:60%;width:calc(60% - ( ( 4% ) * 0.6 ) );\" data-animationType=\"fadeInLeft\" data-animationDuration=\"0.3\" data-animationOffset=\"top-into-view\"><div class=\"fusion-column-wrapper fusion-column-has-shadow fusion-flex-column-wrapper-legacy\"><div class=\"fusion-image-element in-legacy-container\" style=\"--awb-caption-title-font-family:var(--h2_typography-font-family);--awb-caption-title-font-weight:var(--h2_typography-font-weight);--awb-caption-title-font-style:var(--h2_typography-font-style);--awb-caption-title-size:var(--h2_typography-font-size);--awb-caption-title-transform:var(--h2_typography-text-transform);--awb-caption-title-line-height:var(--h2_typography-line-height);--awb-caption-title-letter-spacing:var(--h2_typography-letter-spacing);\"><span class=\" fusion-imageframe imageframe-none imageframe-1 hover-type-none\"><img decoding=\"async\" width=\"1100\" height=\"699\" title=\"tripas-fimaher-embotits\" src=\"https:\/\/fimaher.com\/wp-content\/uploads\/tripas-fimaher-embutidos.jpg\" alt class=\"img-responsive wp-image-681\" srcset=\"https:\/\/fimaher.com\/wp-content\/uploads\/tripas-fimaher-embutidos-200x127.jpg 200w, https:\/\/fimaher.com\/wp-content\/uploads\/tripas-fimaher-embutidos-400x254.jpg 400w, https:\/\/fimaher.com\/wp-content\/uploads\/tripas-fimaher-embutidos-600x381.jpg 600w, https:\/\/fimaher.com\/wp-content\/uploads\/tripas-fimaher-embutidos-800x508.jpg 800w, https:\/\/fimaher.com\/wp-content\/uploads\/tripas-fimaher-embutidos.jpg 1100w\" sizes=\"(max-width: 800px) 100vw, 800px\" \/><\/span><\/div><div class=\"fusion-clearfix\"><\/div><\/div><\/div><\/div><\/div><div class=\"fusion-fullwidth fullwidth-box fusion-builder-row-3 hundred-percent-fullwidth non-hundred-percent-height-scrolling fusion-no-medium-visibility fusion-no-large-visibility\" style=\"--awb-border-radius-top-left:0px;--awb-border-radius-top-right:0px;--awb-border-radius-bottom-right:0px;--awb-border-radius-bottom-left:0px;--awb-padding-top:0px;--awb-padding-right:3%;--awb-padding-bottom:0px;--awb-padding-left:3%;--awb-flex-wrap:wrap;\" ><div class=\"fusion-builder-row fusion-row\"><div class=\"fusion-layout-column fusion_builder_column fusion-builder-column-3 fusion_builder_column_2_5 2_5 fusion-two-fifth fusion-column-first\" style=\"--awb-bg-size:cover;--awb-margin-bottom:0px;width:40%;width:calc(40% - ( ( 4% ) * 0.4 ) );margin-right: 4%;\"><div class=\"fusion-column-wrapper fusion-flex-column-wrapper-legacy\"><div class=\"fusion-sep-clear\"><\/div><div class=\"fusion-separator fusion-full-width-sep\" style=\"margin-left: auto;margin-right: auto;margin-top:60px;width:100%;\"><\/div><div class=\"fusion-sep-clear\"><\/div><div class=\"fusion-text fusion-text-5\"><p>La <strong>tripa natural<\/strong> s&#8217;associa a productes de qualitat per tant \u00e9s el material idoni per a l&#8217;elaboraci\u00f3 d&#8217;embotits frescos, curats i cuits.<\/p>\n<p>Entre els beneficis existents en l&#8217;\u00fas de tripa natural destaquem:<\/p>\n<\/div><div class=\"fusion-sep-clear\"><\/div><div class=\"fusion-separator fusion-full-width-sep\" style=\"margin-left: auto;margin-right: auto;margin-top:20px;width:100%;\"><\/div><div class=\"fusion-sep-clear\"><\/div><div class=\"fusion-text fusion-text-6\"><ol id=\"lista4\">\n<li>Permeabilitat del producte al vapor, fum i altres gasos<\/li>\n<li>Major elasticitat a l&#8217;hora d&#8217;embotir<\/li>\n<li>Aspecte artesanal i bona textura dels productes, aportant-los un aspecte m\u00e9s atractiu<\/li>\n<li>Ofereix protecci\u00f3 natural<\/li>\n<li>\u00c9s comestible<\/li>\n<\/ol>\n<\/div><div class=\"fusion-clearfix\"><\/div><\/div><\/div><div class=\"fusion-layout-column fusion_builder_column fusion-builder-column-4 fusion_builder_column_3_5 3_5 fusion-three-fifth fusion-column-last fusion-animated\" style=\"--awb-bg-image:url(&#039;https:\/\/fimaher.com\/wp-content\/uploads\/tripas-fimaher-embutidos.jpg&#039;);--awb-bg-position:center top;--awb-bg-size:cover;--awb-margin-bottom:0px;width:60%;width:calc(60% - ( ( 4% ) * 0.6 ) );\" data-animationType=\"fadeInLeft\" data-animationDuration=\"0.3\" data-animationOffset=\"top-into-view\"><div class=\"fusion-column-wrapper fusion-flex-column-wrapper-legacy fusion-empty-column-bg-image fusion-column-has-bg-image\" data-bg-url=\"https:\/\/fimaher.com\/wp-content\/uploads\/tripas-fimaher-embutidos.jpg\"><img decoding=\"async\" class=\"fusion-empty-dims-img-placeholder\" aria-label=\"tripas-fimaher-embotits\" src=\"data:image\/svg+xml,%3Csvg%20xmlns%3D%27http%3A%2F%2Fwww.w3.org%2F2000%2Fsvg%27%20width%3D%271100%27%20height%3D%27699%27%20viewBox%3D%270%200%201100%20699%27%3E%3Crect%20width%3D%271100%27%20height%3D%27699%27%20fill-opacity%3D%220%22%2F%3E%3C%2Fsvg%3E\"><div class=\"fusion-clearfix\"><\/div><\/div><\/div><\/div><\/div><div class=\"fusion-fullwidth fullwidth-box fusion-builder-row-4 fusion-parallax-none nonhundred-percent-fullwidth non-hundred-percent-height-scrolling fusion-no-small-visibility\" style=\"--awb-border-sizes-top:0px;--awb-border-sizes-bottom:0px;--awb-border-sizes-left:0px;--awb-border-sizes-right:0px;--awb-border-radius-top-left:0px;--awb-border-radius-top-right:0px;--awb-border-radius-bottom-right:0px;--awb-border-radius-bottom-left:0px;--awb-padding-top:10%;--awb-padding-bottom:25%;--awb-background-image:url(&quot;https:\/\/fimaher.com\/wp-content\/uploads\/ahumados-fimaher-ca.jpg&quot;);--awb-background-size:cover;--awb-flex-wrap:wrap;\" ><div class=\"fusion-builder-row fusion-row\"><div class=\"fusion-layout-column fusion_builder_column fusion-builder-column-5 fusion_builder_column_1_3 1_3 fusion-one-third fusion-column-first fusion-animated\" style=\"--awb-bg-position:center center;--awb-bg-size:cover;--awb-border-color:#03a9f4;--awb-border-top:0;--awb-border-right:0;--awb-border-bottom:0;--awb-border-left:0;--awb-border-style:solid;--awb-margin-top:35px;--awb-margin-bottom:35px;width:33.333333333333%;width:calc(33.333333333333% - ( ( 4% + 4% ) * 0.33333333333333 ) );margin-right: 4%;\" data-animationType=\"fadeInDown\" data-animationDuration=\"1.0\" data-animationOffset=\"top-into-view\"><div class=\"fusion-column-wrapper fusion-flex-column-wrapper-legacy\"><div class=\"fusion-clearfix\"><\/div><\/div><\/div><div class=\"fusion-layout-column fusion_builder_column fusion-builder-column-6 fusion_builder_column_1_3 1_3 fusion-one-third fusion-animated\" style=\"--awb-bg-position:center center;--awb-bg-size:cover;--awb-border-color:#03a9f4;--awb-border-top:0;--awb-border-right:0;--awb-border-bottom:0;--awb-border-left:0;--awb-border-style:solid;--awb-margin-top:35px;--awb-margin-bottom:35px;width:33.333333333333%;width:calc(33.333333333333% - ( ( 4% + 4% ) * 0.33333333333333 ) );margin-right: 4%;\" data-animationType=\"fadeInDown\" data-animationDuration=\"1.0\" data-animationOffset=\"top-into-view\"><div class=\"fusion-column-wrapper fusion-flex-column-wrapper-legacy\"><div class=\"fusion-clearfix\"><\/div><\/div><\/div><div class=\"fusion-layout-column fusion_builder_column fusion-builder-column-7 fusion_builder_column_1_3 1_3 fusion-one-third fusion-column-last fusion-animated\" style=\"--awb-bg-position:center center;--awb-bg-size:cover;--awb-border-color:#03a9f4;--awb-border-top:0;--awb-border-right:0;--awb-border-bottom:0;--awb-border-left:0;--awb-border-style:solid;--awb-margin-top:35px;--awb-margin-bottom:35px;width:33.333333333333%;width:calc(33.333333333333% - ( ( 4% + 4% ) * 0.33333333333333 ) );\" data-animationType=\"fadeInDown\" data-animationDuration=\"1.0\" data-animationOffset=\"top-into-view\"><div class=\"fusion-column-wrapper fusion-flex-column-wrapper-legacy\"><div class=\"fusion-clearfix\"><\/div><\/div><\/div><\/div><\/div><div class=\"fusion-fullwidth fullwidth-box fusion-builder-row-5 fusion-parallax-none nonhundred-percent-fullwidth non-hundred-percent-height-scrolling fusion-no-medium-visibility fusion-no-large-visibility\" style=\"--awb-border-sizes-top:0px;--awb-border-sizes-bottom:0px;--awb-border-sizes-left:0px;--awb-border-sizes-right:0px;--awb-border-radius-top-left:0px;--awb-border-radius-top-right:0px;--awb-border-radius-bottom-right:0px;--awb-border-radius-bottom-left:0px;--awb-padding-top:10%;--awb-padding-bottom:25%;--awb-background-image:url(&quot;https:\/\/fimaher.com\/wp-content\/uploads\/ahumados-fimaher-ca-2.jpg&quot;);--awb-background-size:cover;--awb-flex-wrap:wrap;\" ><div class=\"fusion-builder-row fusion-row\"><div class=\"fusion-layout-column fusion_builder_column fusion-builder-column-8 fusion_builder_column_1_3 1_3 fusion-one-third fusion-column-first fusion-animated\" style=\"--awb-bg-position:center center;--awb-bg-size:cover;--awb-border-color:#03a9f4;--awb-border-top:0;--awb-border-right:0;--awb-border-bottom:0;--awb-border-left:0;--awb-border-style:solid;--awb-margin-top:35px;--awb-margin-bottom:35px;width:33.333333333333%;width:calc(33.333333333333% - ( ( 4% + 4% ) * 0.33333333333333 ) );margin-right: 4%;\" data-animationType=\"fadeInDown\" data-animationDuration=\"1.0\" data-animationOffset=\"top-into-view\"><div class=\"fusion-column-wrapper fusion-flex-column-wrapper-legacy\"><div class=\"fusion-clearfix\"><\/div><\/div><\/div><div class=\"fusion-layout-column fusion_builder_column fusion-builder-column-9 fusion_builder_column_1_3 1_3 fusion-one-third fusion-animated\" style=\"--awb-bg-position:center center;--awb-bg-size:cover;--awb-border-color:#03a9f4;--awb-border-top:0;--awb-border-right:0;--awb-border-bottom:0;--awb-border-left:0;--awb-border-style:solid;--awb-margin-top:35px;--awb-margin-bottom:35px;width:33.333333333333%;width:calc(33.333333333333% - ( ( 4% + 4% ) * 0.33333333333333 ) );margin-right: 4%;\" data-animationType=\"fadeInDown\" data-animationDuration=\"1.0\" data-animationOffset=\"top-into-view\"><div class=\"fusion-column-wrapper fusion-flex-column-wrapper-legacy\"><div class=\"fusion-clearfix\"><\/div><\/div><\/div><div class=\"fusion-layout-column fusion_builder_column fusion-builder-column-10 fusion_builder_column_1_3 1_3 fusion-one-third fusion-column-last fusion-animated\" style=\"--awb-bg-position:center center;--awb-bg-size:cover;--awb-border-color:#03a9f4;--awb-border-top:0;--awb-border-right:0;--awb-border-bottom:0;--awb-border-left:0;--awb-border-style:solid;--awb-margin-top:35px;--awb-margin-bottom:35px;width:33.333333333333%;width:calc(33.333333333333% - ( ( 4% + 4% ) * 0.33333333333333 ) );\" data-animationType=\"fadeInDown\" data-animationDuration=\"1.0\" data-animationOffset=\"top-into-view\"><div class=\"fusion-column-wrapper fusion-flex-column-wrapper-legacy\"><div class=\"fusion-clearfix\"><\/div><\/div><\/div><\/div><\/div><div class=\"fusion-bg-parallax\" data-bg-align=\"center center\" data-direction=\"up\" data-mute=\"false\" data-opacity=\"100\" data-velocity=\"-0.3\" data-mobile-enabled=\"false\" data-break_parents=\"0\" data-bg-image=\"https:\/\/fimaher.com\/wp-content\/uploads\/tripas-fimaher-embutidos-fondo.jpg\" data-bg-repeat=\"false\" ><\/div><div class=\"fusion-fullwidth fullwidth-box fusion-builder-row-6 fusion-parallax-up nonhundred-percent-fullwidth hundred-percent-height hundred-percent-height-center-content non-hundred-percent-height-scrolling\" style=\"--awb-border-radius-top-left:0px;--awb-border-radius-top-right:0px;--awb-border-radius-bottom-right:0px;--awb-border-radius-bottom-left:0px;--awb-padding-top:10%;--awb-padding-bottom:10%;--awb-background-image:url(&quot;https:\/\/fimaher.com\/wp-content\/uploads\/tripas-fimaher-embutidos-fondo.jpg&quot;);--awb-background-size:cover;--awb-flex-wrap:wrap;\" ><div class=\"fusion-fullwidth-center-content\"><div class=\"fusion-builder-row fusion-row\"><div class=\"fusion-layout-column fusion_builder_column fusion-builder-column-11 fusion_builder_column_1_1 1_1 fusion-one-full fusion-column-first fusion-column-last fondohome\" style=\"--awb-bg-color:rgba(255,255,255,0);--awb-bg-color-hover:rgba(255,255,255,0);--awb-bg-size:cover;\"><div class=\"fusion-column-wrapper fusion-flex-column-wrapper-legacy\"><div class=\"fusion-text fusion-text-7\"><p class=\"contacto\">Contacta amb nosaltres<\/p>\n<\/div><div class=\"fusion-text fusion-text-8\"><p class=\"subcontacto\">Si necessites m\u00e9s informaci\u00f3 sobre els nostres productes t&#8217;atendrem amb molt de gust.<\/p>\n<\/div><div class=\"fusion-sep-clear\"><\/div><div class=\"fusion-separator fusion-full-width-sep\" style=\"margin-left: auto;margin-right: auto;margin-top:32px;width:100%;\"><\/div><div class=\"fusion-sep-clear\"><\/div><div class=\"fusion-button-wrapper fusion-aligncenter\"><a class=\"fusion-button button-flat button-xlarge button-default fusion-button-default button-1 fusion-button-default-span fusion-button-default-type\" target=\"_self\" href=\"\/ca\/contactar-fimaher\/\"><span class=\"fusion-button-text awb-button__text awb-button__text--default\">CONTACTE<\/span><\/a><\/div><div class=\"fusion-clearfix\"><\/div><\/div><\/div><\/div><\/div><\/div><\/p>\n","protected":false},"excerpt":{"rendered":"","protected":false},"author":1,"featured_media":0,"parent":0,"menu_order":0,"comment_status":"closed","ping_status":"closed","template":"100-width.php","meta":{"footnotes":""},"class_list":["post-582","page","type-page","status-publish","hentry"],"yoast_head":"<!-- This site is optimized with the Yoast SEO plugin v27.4 - https:\/\/yoast.com\/product\/yoast-seo-wordpress\/ -->\n<title>Tripa natural per a embotits - Fimaher<\/title>\n<meta name=\"description\" content=\"Venem tripa natural per a embotits. Entubada i en madeixa. Elaborem tripa de porc, xai i vedella per a tot tipus d&#039;embotits.\" \/>\n<meta name=\"robots\" content=\"index, follow, max-snippet:-1, max-image-preview:large, max-video-preview:-1\" \/>\n<link rel=\"canonical\" href=\"https:\/\/fimaher.com\/ca\/\" \/>\n<meta property=\"og:locale\" content=\"ca_ES\" \/>\n<meta property=\"og:type\" content=\"article\" \/>\n<meta property=\"og:title\" content=\"Tripa natural per a embotits - Fimaher\" \/>\n<meta property=\"og:description\" content=\"Venem tripa natural per a embotits. Entubada i en madeixa. Elaborem tripa de porc, xai i vedella per a tot tipus d&#039;embotits.\" \/>\n<meta property=\"og:url\" content=\"https:\/\/fimaher.com\/ca\/\" \/>\n<meta property=\"og:site_name\" content=\"Fimaher - Fabricantes de tripa natural para embutidos\" \/>\n<meta property=\"article:modified_time\" content=\"2020-12-30T09:39:34+00:00\" \/>\n<meta name=\"twitter:card\" content=\"summary_large_image\" \/>\n<meta name=\"twitter:label1\" content=\"Temps estimat de lectura\" \/>\n\t<meta name=\"twitter:data1\" content=\"13 minuts\" \/>\n<script type=\"application\/ld+json\" class=\"yoast-schema-graph\">{\"@context\":\"https:\\\/\\\/schema.org\",\"@graph\":[{\"@type\":\"WebPage\",\"@id\":\"https:\\\/\\\/fimaher.com\\\/ca\\\/\",\"url\":\"https:\\\/\\\/fimaher.com\\\/ca\\\/\",\"name\":\"Tripa natural per a embotits - Fimaher\",\"isPartOf\":{\"@id\":\"https:\\\/\\\/fimaher.com\\\/#website\"},\"datePublished\":\"2018-03-15T15:41:26+00:00\",\"dateModified\":\"2020-12-30T09:39:34+00:00\",\"description\":\"Venem tripa natural per a embotits. Entubada i en madeixa. Elaborem tripa de porc, xai i vedella per a tot tipus d'embotits.\",\"breadcrumb\":{\"@id\":\"https:\\\/\\\/fimaher.com\\\/ca\\\/#breadcrumb\"},\"inLanguage\":\"ca\",\"potentialAction\":[{\"@type\":\"ReadAction\",\"target\":[\"https:\\\/\\\/fimaher.com\\\/ca\\\/\"]}]},{\"@type\":\"BreadcrumbList\",\"@id\":\"https:\\\/\\\/fimaher.com\\\/ca\\\/#breadcrumb\",\"itemListElement\":[{\"@type\":\"ListItem\",\"position\":1,\"name\":\"Portada\",\"item\":\"https:\\\/\\\/fimaher.com\\\/ca\\\/\"},{\"@type\":\"ListItem\",\"position\":2,\"name\":\"Inici\"}]},{\"@type\":\"WebSite\",\"@id\":\"https:\\\/\\\/fimaher.com\\\/#website\",\"url\":\"https:\\\/\\\/fimaher.com\\\/\",\"name\":\"Fimaher - Fabricantes de tripa natural para embutidos\",\"description\":\"Triper\u00eda productora de tripa natural de gran calidad para embutidos frescos, curados y cocidos. Venta de tripa entubada, para hacer m\u00e1s f\u00e1cil el proceso de embutido.\",\"potentialAction\":[{\"@type\":\"SearchAction\",\"target\":{\"@type\":\"EntryPoint\",\"urlTemplate\":\"https:\\\/\\\/fimaher.com\\\/?s={search_term_string}\"},\"query-input\":{\"@type\":\"PropertyValueSpecification\",\"valueRequired\":true,\"valueName\":\"search_term_string\"}}],\"inLanguage\":\"ca\"}]}<\/script>\n<!-- \/ Yoast SEO plugin. -->","yoast_head_json":{"title":"Tripa natural per a embotits - Fimaher","description":"Venem tripa natural per a embotits. Entubada i en madeixa. Elaborem tripa de porc, xai i vedella per a tot tipus d'embotits.","robots":{"index":"index","follow":"follow","max-snippet":"max-snippet:-1","max-image-preview":"max-image-preview:large","max-video-preview":"max-video-preview:-1"},"canonical":"https:\/\/fimaher.com\/ca\/","og_locale":"ca_ES","og_type":"article","og_title":"Tripa natural per a embotits - Fimaher","og_description":"Venem tripa natural per a embotits. Entubada i en madeixa. Elaborem tripa de porc, xai i vedella per a tot tipus d'embotits.","og_url":"https:\/\/fimaher.com\/ca\/","og_site_name":"Fimaher - Fabricantes de tripa natural para embutidos","article_modified_time":"2020-12-30T09:39:34+00:00","twitter_card":"summary_large_image","twitter_misc":{"Temps estimat de lectura":"13 minuts"},"schema":{"@context":"https:\/\/schema.org","@graph":[{"@type":"WebPage","@id":"https:\/\/fimaher.com\/ca\/","url":"https:\/\/fimaher.com\/ca\/","name":"Tripa natural per a embotits - Fimaher","isPartOf":{"@id":"https:\/\/fimaher.com\/#website"},"datePublished":"2018-03-15T15:41:26+00:00","dateModified":"2020-12-30T09:39:34+00:00","description":"Venem tripa natural per a embotits. Entubada i en madeixa. Elaborem tripa de porc, xai i vedella per a tot tipus d'embotits.","breadcrumb":{"@id":"https:\/\/fimaher.com\/ca\/#breadcrumb"},"inLanguage":"ca","potentialAction":[{"@type":"ReadAction","target":["https:\/\/fimaher.com\/ca\/"]}]},{"@type":"BreadcrumbList","@id":"https:\/\/fimaher.com\/ca\/#breadcrumb","itemListElement":[{"@type":"ListItem","position":1,"name":"Portada","item":"https:\/\/fimaher.com\/ca\/"},{"@type":"ListItem","position":2,"name":"Inici"}]},{"@type":"WebSite","@id":"https:\/\/fimaher.com\/#website","url":"https:\/\/fimaher.com\/","name":"Fimaher - Fabricantes de tripa natural para embutidos","description":"Triper\u00eda productora de tripa natural de gran calidad para embutidos frescos, curados y cocidos. Venta de tripa entubada, para hacer m\u00e1s f\u00e1cil el proceso de embutido.","potentialAction":[{"@type":"SearchAction","target":{"@type":"EntryPoint","urlTemplate":"https:\/\/fimaher.com\/?s={search_term_string}"},"query-input":{"@type":"PropertyValueSpecification","valueRequired":true,"valueName":"search_term_string"}}],"inLanguage":"ca"}]}},"_links":{"self":[{"href":"https:\/\/fimaher.com\/ca\/wp-json\/wp\/v2\/pages\/582","targetHints":{"allow":["GET"]}}],"collection":[{"href":"https:\/\/fimaher.com\/ca\/wp-json\/wp\/v2\/pages"}],"about":[{"href":"https:\/\/fimaher.com\/ca\/wp-json\/wp\/v2\/types\/page"}],"author":[{"embeddable":true,"href":"https:\/\/fimaher.com\/ca\/wp-json\/wp\/v2\/users\/1"}],"replies":[{"embeddable":true,"href":"https:\/\/fimaher.com\/ca\/wp-json\/wp\/v2\/comments?post=582"}],"version-history":[{"count":21,"href":"https:\/\/fimaher.com\/ca\/wp-json\/wp\/v2\/pages\/582\/revisions"}],"predecessor-version":[{"id":951,"href":"https:\/\/fimaher.com\/ca\/wp-json\/wp\/v2\/pages\/582\/revisions\/951"}],"wp:attachment":[{"href":"https:\/\/fimaher.com\/ca\/wp-json\/wp\/v2\/media?parent=582"}],"curies":[{"name":"wp","href":"https:\/\/api.w.org\/{rel}","templated":true}]}}