{"id":601,"date":"2018-04-17T10:47:02","date_gmt":"2018-04-17T08:47:02","guid":{"rendered":"http:\/\/fimaher.pruebasweb.com.es\/informacion-sobre-cookies\/"},"modified":"2018-10-08T12:38:27","modified_gmt":"2018-10-08T10:38:27","slug":"informacio-sobre-cookies","status":"publish","type":"page","link":"https:\/\/fimaher.com\/ca\/informacio-sobre-cookies\/","title":{"rendered":"Informaci\u00f3 sobre cookies"},"content":{"rendered":"<div class=\"fusion-fullwidth fullwidth-box fusion-builder-row-1 nonhundred-percent-fullwidth non-hundred-percent-height-scrolling\" style=\"--awb-border-radius-top-left:0px;--awb-border-radius-top-right:0px;--awb-border-radius-bottom-right:0px;--awb-border-radius-bottom-left:0px;--awb-flex-wrap:wrap;\" ><div class=\"fusion-builder-row fusion-row\"><div class=\"fusion-layout-column fusion_builder_column fusion-builder-column-0 fusion_builder_column_1_1 1_1 fusion-one-full fusion-column-first fusion-column-last\" style=\"--awb-bg-size:cover;\"><div class=\"fusion-column-wrapper fusion-flex-column-wrapper-legacy\"><div class=\"fusion-text fusion-text-1\"><p><strong>\u00daS DE COOKIES<\/strong><\/p>\n<p style=\"text-align: justify;\">En el nostre lloc web utilitzem cookies pr\u00f2pies i de tercers (Google Analytics) per a millorar la teva experi\u00e8ncia d&#8217;usuari i recollir dades estad\u00edstiques sobre l&#8217;\u00fas de nostra web per part dels usuaris. Les cookies s&#8217;associen \u00fanicament al navegador que est\u00e0 utilitzant, de manera que no s&#8217;emmagatzema cap tipus de dades personals sobre l&#8217;usuari que visita la nostra p\u00e0gina web. Vost\u00e8 pot configurar el seu navegador perqu\u00e8 notifiqui i\/o rebutgi la instal\u00b7laci\u00f3 de les cookies, sense que aix\u00f2 perjudiqui la possibilitat de l&#8217;usuari de poder accedir a les diferents zones de la web, excepte al servei de xat de suport t\u00e8cnic.<\/p>\n<p>Si navegues por la nostra web, estar\u02c6s acceptant l&#8217;\u0153s de les cookies en les condicions establertes en aquesta <strong>Pol\u00edtica de Cookies.<\/strong> Aquesta pol\u00edtica pot ser actualizada, pel que et convidem a revisar-la de forma regular.<\/p>\n<p><strong>\u00bfQU\u00c8 S\u00d3N LES COOKIES?<\/strong><\/p>\n<p style=\"text-align: justify;\">S\u00f3n petits fitxers de dades que el servidor de Internet envia al dispositu amb el que et connectes a la nostra web i que aquests s&#8217;arxiven. S&#8217;associen \u00fanicament al teu navegador i no proporcionen per s\u00ed mateixes dades personals. Les cookies no poden malmetre el teu dispositiu i a m\u00e9s s\u00f3n molt \u00fatils, ja que ens ajuden a identificar i resoldre errors.<\/p>\n<p>Si vols m\u00e9s informaci\u00f3 sobre el seu funcionamient, et recomanem visitar <a href=\"http:\/\/www.allaboutcookies.org\" target=\"_blank\" rel=\"noopener\"><strong>www.allaboutcookies.org <\/strong><\/a>i <a href=\"http:\/\/www.youronlinechoices.eu\/es\/\" target=\"_blank\" rel=\"noopener\"><strong>www.youronlinechoices.eu<\/strong><\/a><\/p>\n<p><strong>COOKIES DE XARXES SOCIALS<\/strong><\/p>\n<p style=\"text-align: justify;\">En la nostra p\u00e0gina web s&#8217;inclouen botons que els usuaris poden utilitzar, de forma senzilla i intuitiva, per a enlla\u00e7ar i compartir certs continguts en les xarxes socials com Facebook, Twitter, Google+, Linkedin o Pinterest. Aquesta funcionalitat comporta l&#8217;\u00fas de cookies que enllacen amb les p\u00e0gines web d&#8217;aquests xarxes socials, emmagatzemant la informaci\u00f3 \u00fanicament en elles.<\/p>\n<p><strong>CONFIGURACI\u00d3 DE LES COOKIES<\/strong><\/p>\n<p style=\"text-align: justify;\">Pots consultar les passes per a deshabilitar la instal\u00b7laci\u00f3 de cookies en la secci\u00f3 d&#8217;ajuda al teu navegador: Microsoft Internet Explorer, Google Chrome, Safari, Mozilla Firefox i Opera.<\/p>\n<p><span style=\"line-height: 1.5em;\">Molts navegadors permeten activar un mode privat mitjan\u00e7ant el qual les cookies s&#8217;esborren sempre despr\u00e9s de la teva visita a la web. Depenent de cada navegador aquest mode privat pot tenir diferents noms. A continuaci\u00f3 trobar\u00e0 una llista dels navegadors m\u00e9s comuns i els diferents noms d&#8217;aquest &#8220;mode privat&#8221;:<\/span><\/p>\n<ul>\n<li>Internet Explorer 8 i superior &#8211; InPrivate<\/li>\n<li>Microsoft Edge<\/li>\n<li>Opera 10.5 i superior &#8211; Navegaci\u00f3 Privada<\/li>\n<li>Google Chrome 10 i superior &#8211; Inc\u00f2gnit<\/li>\n<li>Safari 2 i superior &#8211; Navegaci\u00f3 Privada<\/li>\n<li>Firefox 3.5 i superior &#8211; Navegaci\u00f3 Privada<\/li>\n<\/ul>\n<p>A continuaci\u00f3 us detallem la relaci\u00f3 de cookies utilitzades per <a href=\"https:\/\/fimaher.com\"><strong>fimaher.com<\/strong><\/a>:<\/p>\n<\/div>\n<div class=\"table-1\">\n<table width=\"100%\">\n<thead>\n<tr>\n<th align=\"left\">Cookie<\/th>\n<th align=\"left\">Tipus<\/th>\n<th align=\"left\">Durada<\/th>\n<th align=\"left\">Descripci\u00f3<\/th>\n<\/tr>\n<\/thead>\n<tbody>\n<tr>\n<td align=\"left\">wordpress_test_cookie<\/td>\n<td align=\"left\">De tercers<\/td>\n<td align=\"left\">Sessi\u00f3<\/td>\n<td align=\"left\">Aquesta cookie s&#8217;utilitza perqu\u00e8 el gestor de continguts WordPress comprovi si el navegador t\u00e9 les cookies activades<\/td>\n<\/tr>\n<tr>\n<td align=\"left\">wordpress_logged_in[hash]<\/td>\n<td align=\"left\">De tercers<\/td>\n<td align=\"left\">Sessi\u00f3<\/td>\n<td align=\"left\">Indica si l&#8217;usuari est\u00e0 connectat i qui \u00e9s<\/td>\n<\/tr>\n<tr>\n<td align=\"left\">wp-settings-1<\/td>\n<td align=\"left\">De tercers<\/td>\n<td align=\"left\">En tancar el navegador<\/td>\n<td align=\"left\">Utilizada per a personalitzar la interf\u00edcie de l&#8217;usuari<\/td>\n<\/tr>\n<tr>\n<td align=\"left\">wp-settings-time-1<\/td>\n<td align=\"left\">Pr\u00f2pia<\/td>\n<td align=\"left\">1 any<\/td>\n<td align=\"left\">Personalitzar Interf\u00edcie<\/td>\n<\/tr>\n<\/tbody>\n<\/table>\n<\/div>\n<div class=\"fusion-clearfix\"><\/div><\/div><\/div><\/div><\/div>\n","protected":false},"excerpt":{"rendered":"","protected":false},"author":1,"featured_media":0,"parent":0,"menu_order":0,"comment_status":"closed","ping_status":"closed","template":"","meta":{"footnotes":""},"class_list":["post-601","page","type-page","status-publish","hentry"],"yoast_head":"<!-- This site is optimized with the Yoast SEO plugin v27.4 - https:\/\/yoast.com\/product\/yoast-seo-wordpress\/ -->\n<title>Informaci\u00f3 sobre cookies<\/title>\n<meta name=\"description\" content=\"Informaci\u00f3 sobre l&#039;\u00fas de cookies a Fimaher - Elaboradors de tripa natural per a embotits\" \/>\n<meta name=\"robots\" content=\"index, follow, max-snippet:-1, max-image-preview:large, max-video-preview:-1\" \/>\n<link rel=\"canonical\" href=\"https:\/\/fimaher.com\/ca\/informacio-sobre-cookies\/\" \/>\n<meta property=\"og:locale\" content=\"ca_ES\" \/>\n<meta property=\"og:type\" content=\"article\" \/>\n<meta property=\"og:title\" content=\"Informaci\u00f3 sobre cookies\" \/>\n<meta property=\"og:description\" content=\"Informaci\u00f3 sobre l&#039;\u00fas de cookies a Fimaher - Elaboradors de tripa natural per a embotits\" \/>\n<meta property=\"og:url\" content=\"https:\/\/fimaher.com\/ca\/informacio-sobre-cookies\/\" \/>\n<meta property=\"og:site_name\" content=\"Fimaher - Fabricantes de tripa natural para embutidos\" \/>\n<meta property=\"article:modified_time\" content=\"2018-10-08T10:38:27+00:00\" \/>\n<meta name=\"twitter:card\" content=\"summary_large_image\" \/>\n<meta name=\"twitter:label1\" content=\"Temps estimat de lectura\" \/>\n\t<meta name=\"twitter:data1\" content=\"3 minuts\" \/>\n<script type=\"application\/ld+json\" class=\"yoast-schema-graph\">{\"@context\":\"https:\\\/\\\/schema.org\",\"@graph\":[{\"@type\":\"WebPage\",\"@id\":\"https:\\\/\\\/fimaher.com\\\/ca\\\/informacio-sobre-cookies\\\/\",\"url\":\"https:\\\/\\\/fimaher.com\\\/ca\\\/informacio-sobre-cookies\\\/\",\"name\":\"Informaci\u00f3 sobre cookies\",\"isPartOf\":{\"@id\":\"https:\\\/\\\/fimaher.com\\\/#website\"},\"datePublished\":\"2018-04-17T08:47:02+00:00\",\"dateModified\":\"2018-10-08T10:38:27+00:00\",\"description\":\"Informaci\u00f3 sobre l'\u00fas de cookies a Fimaher - Elaboradors de tripa natural per a embotits\",\"breadcrumb\":{\"@id\":\"https:\\\/\\\/fimaher.com\\\/ca\\\/informacio-sobre-cookies\\\/#breadcrumb\"},\"inLanguage\":\"ca\",\"potentialAction\":[{\"@type\":\"ReadAction\",\"target\":[\"https:\\\/\\\/fimaher.com\\\/ca\\\/informacio-sobre-cookies\\\/\"]}]},{\"@type\":\"BreadcrumbList\",\"@id\":\"https:\\\/\\\/fimaher.com\\\/ca\\\/informacio-sobre-cookies\\\/#breadcrumb\",\"itemListElement\":[{\"@type\":\"ListItem\",\"position\":1,\"name\":\"Portada\",\"item\":\"https:\\\/\\\/fimaher.com\\\/ca\\\/\"},{\"@type\":\"ListItem\",\"position\":2,\"name\":\"Informaci\u00f3 sobre cookies\"}]},{\"@type\":\"WebSite\",\"@id\":\"https:\\\/\\\/fimaher.com\\\/#website\",\"url\":\"https:\\\/\\\/fimaher.com\\\/\",\"name\":\"Fimaher - Fabricantes de tripa natural para embutidos\",\"description\":\"Triper\u00eda productora de tripa natural de gran calidad para embutidos frescos, curados y cocidos. Venta de tripa entubada, para hacer m\u00e1s f\u00e1cil el proceso de embutido.\",\"potentialAction\":[{\"@type\":\"SearchAction\",\"target\":{\"@type\":\"EntryPoint\",\"urlTemplate\":\"https:\\\/\\\/fimaher.com\\\/?s={search_term_string}\"},\"query-input\":{\"@type\":\"PropertyValueSpecification\",\"valueRequired\":true,\"valueName\":\"search_term_string\"}}],\"inLanguage\":\"ca\"}]}<\/script>\n<!-- \/ Yoast SEO plugin. -->","yoast_head_json":{"title":"Informaci\u00f3 sobre cookies","description":"Informaci\u00f3 sobre l'\u00fas de cookies a Fimaher - Elaboradors de tripa natural per a embotits","robots":{"index":"index","follow":"follow","max-snippet":"max-snippet:-1","max-image-preview":"max-image-preview:large","max-video-preview":"max-video-preview:-1"},"canonical":"https:\/\/fimaher.com\/ca\/informacio-sobre-cookies\/","og_locale":"ca_ES","og_type":"article","og_title":"Informaci\u00f3 sobre cookies","og_description":"Informaci\u00f3 sobre l'\u00fas de cookies a Fimaher - Elaboradors de tripa natural per a embotits","og_url":"https:\/\/fimaher.com\/ca\/informacio-sobre-cookies\/","og_site_name":"Fimaher - Fabricantes de tripa natural para embutidos","article_modified_time":"2018-10-08T10:38:27+00:00","twitter_card":"summary_large_image","twitter_misc":{"Temps estimat de lectura":"3 minuts"},"schema":{"@context":"https:\/\/schema.org","@graph":[{"@type":"WebPage","@id":"https:\/\/fimaher.com\/ca\/informacio-sobre-cookies\/","url":"https:\/\/fimaher.com\/ca\/informacio-sobre-cookies\/","name":"Informaci\u00f3 sobre cookies","isPartOf":{"@id":"https:\/\/fimaher.com\/#website"},"datePublished":"2018-04-17T08:47:02+00:00","dateModified":"2018-10-08T10:38:27+00:00","description":"Informaci\u00f3 sobre l'\u00fas de cookies a Fimaher - Elaboradors de tripa natural per a embotits","breadcrumb":{"@id":"https:\/\/fimaher.com\/ca\/informacio-sobre-cookies\/#breadcrumb"},"inLanguage":"ca","potentialAction":[{"@type":"ReadAction","target":["https:\/\/fimaher.com\/ca\/informacio-sobre-cookies\/"]}]},{"@type":"BreadcrumbList","@id":"https:\/\/fimaher.com\/ca\/informacio-sobre-cookies\/#breadcrumb","itemListElement":[{"@type":"ListItem","position":1,"name":"Portada","item":"https:\/\/fimaher.com\/ca\/"},{"@type":"ListItem","position":2,"name":"Informaci\u00f3 sobre cookies"}]},{"@type":"WebSite","@id":"https:\/\/fimaher.com\/#website","url":"https:\/\/fimaher.com\/","name":"Fimaher - Fabricantes de tripa natural para embutidos","description":"Triper\u00eda productora de tripa natural de gran calidad para embutidos frescos, curados y cocidos. Venta de tripa entubada, para hacer m\u00e1s f\u00e1cil el proceso de embutido.","potentialAction":[{"@type":"SearchAction","target":{"@type":"EntryPoint","urlTemplate":"https:\/\/fimaher.com\/?s={search_term_string}"},"query-input":{"@type":"PropertyValueSpecification","valueRequired":true,"valueName":"search_term_string"}}],"inLanguage":"ca"}]}},"_links":{"self":[{"href":"https:\/\/fimaher.com\/ca\/wp-json\/wp\/v2\/pages\/601","targetHints":{"allow":["GET"]}}],"collection":[{"href":"https:\/\/fimaher.com\/ca\/wp-json\/wp\/v2\/pages"}],"about":[{"href":"https:\/\/fimaher.com\/ca\/wp-json\/wp\/v2\/types\/page"}],"author":[{"embeddable":true,"href":"https:\/\/fimaher.com\/ca\/wp-json\/wp\/v2\/users\/1"}],"replies":[{"embeddable":true,"href":"https:\/\/fimaher.com\/ca\/wp-json\/wp\/v2\/comments?post=601"}],"version-history":[{"count":4,"href":"https:\/\/fimaher.com\/ca\/wp-json\/wp\/v2\/pages\/601\/revisions"}],"predecessor-version":[{"id":605,"href":"https:\/\/fimaher.com\/ca\/wp-json\/wp\/v2\/pages\/601\/revisions\/605"}],"wp:attachment":[{"href":"https:\/\/fimaher.com\/ca\/wp-json\/wp\/v2\/media?parent=601"}],"curies":[{"name":"wp","href":"https:\/\/api.w.org\/{rel}","templated":true}]}}