{"id":606,"date":"2018-07-09T12:10:13","date_gmt":"2018-07-09T10:10:13","guid":{"rendered":"http:\/\/fimaher.pruebasweb.com.es\/tripa-natural\/"},"modified":"2018-10-08T16:52:25","modified_gmt":"2018-10-08T14:52:25","slug":"tripa-natural","status":"publish","type":"page","link":"https:\/\/fimaher.com\/ca\/tripa-natural\/","title":{"rendered":"Productes"},"content":{"rendered":"<p><div class=\"fusion-fullwidth fullwidth-box fusion-builder-row-1 fusion-parallax-none hundred-percent-fullwidth non-hundred-percent-height-scrolling\" style=\"--awb-border-radius-top-left:0px;--awb-border-radius-top-right:0px;--awb-border-radius-bottom-right:0px;--awb-border-radius-bottom-left:0px;--awb-padding-top:8%;--awb-padding-bottom:8%;--awb-margin-bottom:0px;--awb-background-image:url(&quot;https:\/\/fimaher.com\/wp-content\/uploads\/cabecera-productos-fimaher-1.jpg&quot;);--awb-background-size:cover;--awb-flex-wrap:wrap;\" ><div class=\"fusion-builder-row fusion-row\"><div class=\"fusion-layout-column fusion_builder_column fusion-builder-column-0 fusion_builder_column_1_1 1_1 fusion-one-full fusion-column-first fusion-column-last\" style=\"--awb-bg-size:cover;\"><div class=\"fusion-column-wrapper fusion-flex-column-wrapper-legacy\"><div class=\"fusion-clearfix\"><\/div><\/div><\/div><\/div><\/div><div class=\"fusion-fullwidth fullwidth-box fusion-builder-row-2 nonhundred-percent-fullwidth non-hundred-percent-height-scrolling\" style=\"--awb-border-radius-top-left:0px;--awb-border-radius-top-right:0px;--awb-border-radius-bottom-right:0px;--awb-border-radius-bottom-left:0px;--awb-padding-top:3%;--awb-flex-wrap:wrap;\" ><div class=\"fusion-builder-row fusion-row\"><div class=\"fusion-layout-column fusion_builder_column fusion-builder-column-1 fusion_builder_column_1_1 1_1 fusion-one-full fusion-column-first fusion-column-last\" style=\"--awb-bg-size:cover;\"><div class=\"fusion-column-wrapper fusion-flex-column-wrapper-legacy\"><div class=\"fusion-text fusion-text-1\"><h1 style=\"text-align: center; color: #146aa2; font-size: 52px;\">Distribu\u00efm \u00fanicament tripa natural, perqu\u00e8 ve de gust all\u00f2 que \u00e9s natural.<\/h1>\n<\/div><div class=\"fusion-text fusion-text-2\"><div class=\"tituloh2\">\n<p style=\"text-align: center;\">Disposem d&#8217;una gamma de calibres molt \u00e0mplia en <strong>tripa de porc, xai i vedella<\/strong>, per a poder cobrir totes les necessitats.<strong>\u00a0<\/strong><\/p>\n<\/div>\n<\/div><div class=\"fusion-clearfix\"><\/div><\/div><\/div><\/div><\/div><div class=\"fusion-fullwidth fullwidth-box fusion-builder-row-3 nonhundred-percent-fullwidth non-hundred-percent-height-scrolling\" style=\"--awb-border-radius-top-left:0px;--awb-border-radius-top-right:0px;--awb-border-radius-bottom-right:0px;--awb-border-radius-bottom-left:0px;--awb-flex-wrap:wrap;\" ><div class=\"fusion-builder-row fusion-row\"><div class=\"fusion-layout-column fusion_builder_column fusion-builder-column-2 fusion_builder_column_1_2 1_2 fusion-one-half fusion-column-first\" style=\"--awb-bg-size:cover;width:50%;width:calc(50% - ( ( 4% ) * 0.5 ) );margin-right: 4%;\"><div class=\"fusion-column-wrapper fusion-flex-column-wrapper-legacy\"><div class=\"fusion-text fusion-text-3\"><p><strong>Tripas Naturals per a Embotits<\/strong>, la tripa natural t\u00e9 nombrosos avantatges: excel\u00b7lent elasticitat, resist\u00e8ncia, interfereix en el gust, millor aspecte del producte final i \u00e9s comestible.<\/p>\n<p>La tripa natural t\u00e9 capacitat endod\u00e8rmica, \u00e9s a dir, mant\u00e8 l&#8217;embotit a la temperatura m\u00e9s apropiada per a la conservaci\u00f3, de manera que es facilita la obtenci\u00f3 d&#8217;un producte de qualitat i segur. L&#8217;intest\u00ed prim que s&#8217;utilitza \u00e9s teixit de col\u00b7lagen, fet que afavoreix la permeabilitat del producte. En els processos d&#8217;assecat i fumat, la tripa tendeix a endurir-se i a fer-se menys permeable. D&#8217;aqu\u00ed que la humitat i el calor les fan m\u00e9s poroses i suaus i que processos com el fumat s&#8217;hagin de controlar de forma minuciosa.<\/p>\n<\/div><div class=\"fusion-clearfix\"><\/div><\/div><\/div><div class=\"fusion-layout-column fusion_builder_column fusion-builder-column-3 fusion_builder_column_1_2 1_2 fusion-one-half fusion-column-last\" style=\"--awb-bg-size:cover;width:50%;width:calc(50% - ( ( 4% ) * 0.5 ) );\"><div class=\"fusion-column-wrapper fusion-flex-column-wrapper-legacy\"><div class=\"fusion-image-element in-legacy-container\" style=\"--awb-caption-title-font-family:var(--h2_typography-font-family);--awb-caption-title-font-weight:var(--h2_typography-font-weight);--awb-caption-title-font-style:var(--h2_typography-font-style);--awb-caption-title-size:var(--h2_typography-font-size);--awb-caption-title-transform:var(--h2_typography-text-transform);--awb-caption-title-line-height:var(--h2_typography-line-height);--awb-caption-title-letter-spacing:var(--h2_typography-letter-spacing);\"><span class=\" fusion-imageframe imageframe-none imageframe-1 hover-type-none\"><img decoding=\"async\" width=\"640\" height=\"427\" title=\"tripa-natural\" src=\"https:\/\/fimaher.com\/wp-content\/uploads\/tripa-natural.jpg\" alt class=\"img-responsive wp-image-659\" srcset=\"https:\/\/fimaher.com\/wp-content\/uploads\/tripa-natural-200x133.jpg 200w, https:\/\/fimaher.com\/wp-content\/uploads\/tripa-natural-400x267.jpg 400w, https:\/\/fimaher.com\/wp-content\/uploads\/tripa-natural-600x400.jpg 600w, https:\/\/fimaher.com\/wp-content\/uploads\/tripa-natural.jpg 640w\" sizes=\"(max-width: 800px) 100vw, 600px\" \/><\/span><\/div><div class=\"fusion-clearfix\"><\/div><\/div><\/div><\/div><\/div><div class=\"fusion-fullwidth fullwidth-box fusion-builder-row-4 nonhundred-percent-fullwidth non-hundred-percent-height-scrolling\" style=\"--awb-background-position:center bottom;--awb-border-radius-top-left:0px;--awb-border-radius-top-right:0px;--awb-border-radius-bottom-right:0px;--awb-border-radius-bottom-left:0px;--awb-padding-top:3%;--awb-padding-right:5%;--awb-padding-bottom:3%;--awb-padding-left:5%;--awb-margin-top:0px;--awb-background-color:#ffffff;--awb-flex-wrap:wrap;\" ><div class=\"fusion-builder-row fusion-row\"><div class=\"fusion-layout-column fusion_builder_column fusion-builder-column-4 fusion_builder_column_1_3 1_3 fusion-one-third fusion-column-first fusion-column-inner-bg-wrapper\" style=\"--awb-inner-bg-size:cover;width:33.333333333333%;width:calc(33.333333333333% - ( ( 4% + 4% ) * 0.33333333333333 ) );margin-right: 4%;\"><span class=\"fusion-column-inner-bg hover-type-none\"><a class=\"fusion-column-anchor\" href=\"\/ca\/tripa-de-porc\/\"><span class=\"fusion-column-inner-bg-image\"><\/span><\/a><\/span><div class=\"fusion-column-wrapper fusion-flex-column-wrapper-legacy\"><div class=\"fusion-person person fusion-person-center fusion-person-1 fusion-person-icon-top\" style=\"--awb-pic-style-color:#000000;--awb-pic-borderradius:0px;--awb-margin-top:0px;--awb-margin-right:0px;--awb-margin-bottom:0px;--awb-margin-left:0px;--awb-social-box-border-top:0px;--awb-social-box-border-right:0px;--awb-social-box-border-bottom:0px;--awb-social-box-border-left:0px;--awb-social-box-border-color:var(--awb-color3);--awb-social-box-border-color-hover:var(--awb-color4);--awb-social-box-colors-hover:rgba(31,35,38,0.8);--awb-social-icon-boxed-colors:#1f2326;--awb-social-icon-colors:#ffffff;--awb-social-icon-colors-hover:rgba(255,255,255,0.8);\"><div class=\"person-shortcode-image-wrapper\"><div class=\"person-image-container hover-type-none\" style=\"border:0px solid #f0d727;-webkit-border-radius:0px;-moz-border-radius:0px;border-radius:0px;\"><img decoding=\"async\" class=\"person-img img-responsive wp-image-678\" width=\"170\" height=\"138\" src=\"https:\/\/fimaher.com\/wp-content\/uploads\/porcino-fimaher.png\" \/><\/div><\/div><div class=\"person-desc\"><div class=\"person-author\"><div class=\"person-author-wrapper\"><span class=\"person-name\"><\/span><span class=\"person-title\"><\/span><\/div><\/div><div class=\"person-content fusion-clearfix\"><strong>PORC<\/strong><\/p>\n<\/div><\/div><\/div><div class=\"fusion-clearfix\"><\/div><\/div><\/div><div class=\"fusion-layout-column fusion_builder_column fusion-builder-column-5 fusion_builder_column_1_3 1_3 fusion-one-third fusion-column-inner-bg-wrapper\" style=\"--awb-inner-bg-size:cover;width:33.333333333333%;width:calc(33.333333333333% - ( ( 4% + 4% ) * 0.33333333333333 ) );margin-right: 4%;\"><span class=\"fusion-column-inner-bg hover-type-none\"><a class=\"fusion-column-anchor\" href=\"\/ca\/tripa-de-xai\/\"><span class=\"fusion-column-inner-bg-image\"><\/span><\/a><\/span><div class=\"fusion-column-wrapper fusion-flex-column-wrapper-legacy\"><div class=\"fusion-person person fusion-person-center fusion-person-2 fusion-person-icon-top\" style=\"--awb-pic-style-color:#000000;--awb-pic-borderradius:0px;--awb-margin-top:0px;--awb-margin-right:0px;--awb-margin-bottom:0px;--awb-margin-left:0px;--awb-social-box-border-top:0px;--awb-social-box-border-right:0px;--awb-social-box-border-bottom:0px;--awb-social-box-border-left:0px;--awb-social-box-border-color:var(--awb-color3);--awb-social-box-border-color-hover:var(--awb-color4);--awb-social-box-colors-hover:rgba(31,35,38,0.8);--awb-social-icon-boxed-colors:#1f2326;--awb-social-icon-colors:#ffffff;--awb-social-icon-colors-hover:rgba(255,255,255,0.8);\"><div class=\"person-shortcode-image-wrapper\"><div class=\"person-image-container hover-type-none\" style=\"border:0px solid #f6f6f6;-webkit-border-radius:0px;-moz-border-radius:0px;border-radius:0px;\"><img decoding=\"async\" class=\"person-img img-responsive wp-image-676\" width=\"170\" height=\"138\" src=\"https:\/\/fimaher.com\/wp-content\/uploads\/ovino-fimaher.png\" \/><\/div><\/div><div class=\"person-desc\"><div class=\"person-author\"><div class=\"person-author-wrapper\"><span class=\"person-name\"><\/span><span class=\"person-title\"><\/span><\/div><\/div><div class=\"person-content fusion-clearfix\"><strong>XAI<\/strong><\/p>\n<\/div><\/div><\/div><div class=\"fusion-clearfix\"><\/div><\/div><\/div><div class=\"fusion-layout-column fusion_builder_column fusion-builder-column-6 fusion_builder_column_1_3 1_3 fusion-one-third fusion-column-last fusion-column-inner-bg-wrapper\" style=\"--awb-inner-bg-size:cover;width:33.333333333333%;width:calc(33.333333333333% - ( ( 4% + 4% ) * 0.33333333333333 ) );\"><span class=\"fusion-column-inner-bg hover-type-none\"><a class=\"fusion-column-anchor\" href=\"\/ca\/tripa-de-vedella\/\"><span class=\"fusion-column-inner-bg-image\"><\/span><\/a><\/span><div class=\"fusion-column-wrapper fusion-flex-column-wrapper-legacy\"><div class=\"fusion-person person fusion-person-center fusion-person-3 fusion-person-icon-top\" style=\"--awb-pic-style-color:#000000;--awb-pic-borderradius:0px;--awb-margin-top:0px;--awb-margin-right:0px;--awb-margin-bottom:0px;--awb-margin-left:0px;--awb-social-box-border-top:0px;--awb-social-box-border-right:0px;--awb-social-box-border-bottom:0px;--awb-social-box-border-left:0px;--awb-social-box-border-color:var(--awb-color3);--awb-social-box-border-color-hover:var(--awb-color4);--awb-social-box-colors-hover:rgba(31,35,38,0.8);--awb-social-icon-boxed-colors:#1f2326;--awb-social-icon-colors:#ffffff;--awb-social-icon-colors-hover:rgba(255,255,255,0.8);\"><div class=\"person-shortcode-image-wrapper\"><div class=\"person-image-container hover-type-none\" style=\"border:0px solid #f6f6f6;-webkit-border-radius:0px;-moz-border-radius:0px;border-radius:0px;\"><img decoding=\"async\" class=\"person-img img-responsive wp-image-677\" width=\"170\" height=\"138\" src=\"https:\/\/fimaher.com\/wp-content\/uploads\/bovino-fimaher.png\" \/><\/div><\/div><div class=\"person-desc\"><div class=\"person-author\"><div class=\"person-author-wrapper\"><span class=\"person-name\"><\/span><span class=\"person-title\"><\/span><\/div><\/div><div class=\"person-content fusion-clearfix\"><strong>VEDELLA<\/strong><\/p>\n<\/div><\/div><\/div><div class=\"fusion-clearfix\"><\/div><\/div><\/div><\/div><\/div><div class=\"fusion-bg-parallax\" data-bg-align=\"center center\" data-direction=\"up\" data-mute=\"false\" data-opacity=\"100\" data-velocity=\"-0.3\" data-mobile-enabled=\"false\" data-break_parents=\"0\" data-bg-image=\"https:\/\/fimaher.com\/wp-content\/uploads\/tripas-fimaher-embutidos-fondo.jpg\" data-bg-repeat=\"false\" ><\/div><div class=\"fusion-fullwidth fullwidth-box fusion-builder-row-5 fusion-parallax-up nonhundred-percent-fullwidth hundred-percent-height hundred-percent-height-center-content non-hundred-percent-height-scrolling\" style=\"--awb-border-radius-top-left:0px;--awb-border-radius-top-right:0px;--awb-border-radius-bottom-right:0px;--awb-border-radius-bottom-left:0px;--awb-padding-top:10%;--awb-padding-bottom:10%;--awb-background-image:url(&quot;https:\/\/fimaher.com\/wp-content\/uploads\/tripas-fimaher-embutidos-fondo.jpg&quot;);--awb-background-size:cover;--awb-flex-wrap:wrap;\" ><div class=\"fusion-fullwidth-center-content\"><div class=\"fusion-builder-row fusion-row\"><div class=\"fusion-layout-column fusion_builder_column fusion-builder-column-7 fusion_builder_column_1_1 1_1 fusion-one-full fusion-column-first fusion-column-last fondohome\" style=\"--awb-bg-color:rgba(255,255,255,0);--awb-bg-color-hover:rgba(255,255,255,0);--awb-bg-size:cover;\"><div class=\"fusion-column-wrapper fusion-flex-column-wrapper-legacy\"><div class=\"fusion-text fusion-text-4\"><p class=\"contacto\">Contacta amb nosaltres<\/p>\n<\/div><div class=\"fusion-text fusion-text-5\"><p class=\"subcontacto\">Si necessites m\u00e9s informaci\u00f3 sobre els nostres productes, t&#8217;atendrem amb molt de gust.<\/p>\n<\/div><div class=\"fusion-sep-clear\"><\/div><div class=\"fusion-separator fusion-full-width-sep\" style=\"margin-left: auto;margin-right: auto;margin-top:32px;width:100%;\"><\/div><div class=\"fusion-sep-clear\"><\/div><div class=\"fusion-button-wrapper fusion-aligncenter\"><a class=\"fusion-button button-flat button-xlarge button-default fusion-button-default button-1 fusion-button-default-span fusion-button-default-type\" target=\"_self\" href=\"\/ca\/contactar-fimaher\/\"><span class=\"fusion-button-text awb-button__text awb-button__text--default\">CONTACTE<\/span><\/a><\/div><div class=\"fusion-clearfix\"><\/div><\/div><\/div><\/div><\/div><\/div><\/p>\n","protected":false},"excerpt":{"rendered":"","protected":false},"author":1,"featured_media":0,"parent":0,"menu_order":0,"comment_status":"closed","ping_status":"closed","template":"100-width.php","meta":{"footnotes":""},"class_list":["post-606","page","type-page","status-publish","hentry"],"yoast_head":"<!-- This site is optimized with the Yoast SEO plugin v27.4 - https:\/\/yoast.com\/product\/yoast-seo-wordpress\/ -->\n<title>Tripa natural - Productes de Tripas Fimaher<\/title>\n<meta name=\"description\" content=\"Comercialitzem tripa natural de producci\u00f3 pr\u00f2pia i tamb\u00e9 importem tripa de diversos or\u00edgens.\" \/>\n<meta name=\"robots\" content=\"index, follow, max-snippet:-1, max-image-preview:large, max-video-preview:-1\" \/>\n<link rel=\"canonical\" href=\"https:\/\/fimaher.com\/ca\/tripa-natural\/\" \/>\n<meta property=\"og:locale\" content=\"ca_ES\" \/>\n<meta property=\"og:type\" content=\"article\" \/>\n<meta property=\"og:title\" content=\"Tripa natural - Productes de Tripas Fimaher\" \/>\n<meta property=\"og:description\" content=\"Comercialitzem tripa natural de producci\u00f3 pr\u00f2pia i tamb\u00e9 importem tripa de diversos or\u00edgens.\" \/>\n<meta property=\"og:url\" content=\"https:\/\/fimaher.com\/ca\/tripa-natural\/\" \/>\n<meta property=\"og:site_name\" content=\"Fimaher - Fabricantes de tripa natural para embutidos\" \/>\n<meta property=\"article:modified_time\" content=\"2018-10-08T14:52:25+00:00\" \/>\n<meta name=\"twitter:card\" content=\"summary_large_image\" \/>\n<meta name=\"twitter:label1\" content=\"Temps estimat de lectura\" \/>\n\t<meta name=\"twitter:data1\" content=\"9 minuts\" \/>\n<script type=\"application\/ld+json\" class=\"yoast-schema-graph\">{\"@context\":\"https:\\\/\\\/schema.org\",\"@graph\":[{\"@type\":\"WebPage\",\"@id\":\"https:\\\/\\\/fimaher.com\\\/ca\\\/tripa-natural\\\/\",\"url\":\"https:\\\/\\\/fimaher.com\\\/ca\\\/tripa-natural\\\/\",\"name\":\"Tripa natural - Productes de Tripas Fimaher\",\"isPartOf\":{\"@id\":\"https:\\\/\\\/fimaher.com\\\/#website\"},\"datePublished\":\"2018-07-09T10:10:13+00:00\",\"dateModified\":\"2018-10-08T14:52:25+00:00\",\"description\":\"Comercialitzem tripa natural de producci\u00f3 pr\u00f2pia i tamb\u00e9 importem tripa de diversos or\u00edgens.\",\"breadcrumb\":{\"@id\":\"https:\\\/\\\/fimaher.com\\\/ca\\\/tripa-natural\\\/#breadcrumb\"},\"inLanguage\":\"ca\",\"potentialAction\":[{\"@type\":\"ReadAction\",\"target\":[\"https:\\\/\\\/fimaher.com\\\/ca\\\/tripa-natural\\\/\"]}]},{\"@type\":\"BreadcrumbList\",\"@id\":\"https:\\\/\\\/fimaher.com\\\/ca\\\/tripa-natural\\\/#breadcrumb\",\"itemListElement\":[{\"@type\":\"ListItem\",\"position\":1,\"name\":\"Portada\",\"item\":\"https:\\\/\\\/fimaher.com\\\/ca\\\/\"},{\"@type\":\"ListItem\",\"position\":2,\"name\":\"Productes\"}]},{\"@type\":\"WebSite\",\"@id\":\"https:\\\/\\\/fimaher.com\\\/#website\",\"url\":\"https:\\\/\\\/fimaher.com\\\/\",\"name\":\"Fimaher - Fabricantes de tripa natural para embutidos\",\"description\":\"Triper\u00eda productora de tripa natural de gran calidad para embutidos frescos, curados y cocidos. Venta de tripa entubada, para hacer m\u00e1s f\u00e1cil el proceso de embutido.\",\"potentialAction\":[{\"@type\":\"SearchAction\",\"target\":{\"@type\":\"EntryPoint\",\"urlTemplate\":\"https:\\\/\\\/fimaher.com\\\/?s={search_term_string}\"},\"query-input\":{\"@type\":\"PropertyValueSpecification\",\"valueRequired\":true,\"valueName\":\"search_term_string\"}}],\"inLanguage\":\"ca\"}]}<\/script>\n<!-- \/ Yoast SEO plugin. -->","yoast_head_json":{"title":"Tripa natural - Productes de Tripas Fimaher","description":"Comercialitzem tripa natural de producci\u00f3 pr\u00f2pia i tamb\u00e9 importem tripa de diversos or\u00edgens.","robots":{"index":"index","follow":"follow","max-snippet":"max-snippet:-1","max-image-preview":"max-image-preview:large","max-video-preview":"max-video-preview:-1"},"canonical":"https:\/\/fimaher.com\/ca\/tripa-natural\/","og_locale":"ca_ES","og_type":"article","og_title":"Tripa natural - Productes de Tripas Fimaher","og_description":"Comercialitzem tripa natural de producci\u00f3 pr\u00f2pia i tamb\u00e9 importem tripa de diversos or\u00edgens.","og_url":"https:\/\/fimaher.com\/ca\/tripa-natural\/","og_site_name":"Fimaher - Fabricantes de tripa natural para embutidos","article_modified_time":"2018-10-08T14:52:25+00:00","twitter_card":"summary_large_image","twitter_misc":{"Temps estimat de lectura":"9 minuts"},"schema":{"@context":"https:\/\/schema.org","@graph":[{"@type":"WebPage","@id":"https:\/\/fimaher.com\/ca\/tripa-natural\/","url":"https:\/\/fimaher.com\/ca\/tripa-natural\/","name":"Tripa natural - Productes de Tripas Fimaher","isPartOf":{"@id":"https:\/\/fimaher.com\/#website"},"datePublished":"2018-07-09T10:10:13+00:00","dateModified":"2018-10-08T14:52:25+00:00","description":"Comercialitzem tripa natural de producci\u00f3 pr\u00f2pia i tamb\u00e9 importem tripa de diversos or\u00edgens.","breadcrumb":{"@id":"https:\/\/fimaher.com\/ca\/tripa-natural\/#breadcrumb"},"inLanguage":"ca","potentialAction":[{"@type":"ReadAction","target":["https:\/\/fimaher.com\/ca\/tripa-natural\/"]}]},{"@type":"BreadcrumbList","@id":"https:\/\/fimaher.com\/ca\/tripa-natural\/#breadcrumb","itemListElement":[{"@type":"ListItem","position":1,"name":"Portada","item":"https:\/\/fimaher.com\/ca\/"},{"@type":"ListItem","position":2,"name":"Productes"}]},{"@type":"WebSite","@id":"https:\/\/fimaher.com\/#website","url":"https:\/\/fimaher.com\/","name":"Fimaher - Fabricantes de tripa natural para embutidos","description":"Triper\u00eda productora de tripa natural de gran calidad para embutidos frescos, curados y cocidos. Venta de tripa entubada, para hacer m\u00e1s f\u00e1cil el proceso de embutido.","potentialAction":[{"@type":"SearchAction","target":{"@type":"EntryPoint","urlTemplate":"https:\/\/fimaher.com\/?s={search_term_string}"},"query-input":{"@type":"PropertyValueSpecification","valueRequired":true,"valueName":"search_term_string"}}],"inLanguage":"ca"}]}},"_links":{"self":[{"href":"https:\/\/fimaher.com\/ca\/wp-json\/wp\/v2\/pages\/606","targetHints":{"allow":["GET"]}}],"collection":[{"href":"https:\/\/fimaher.com\/ca\/wp-json\/wp\/v2\/pages"}],"about":[{"href":"https:\/\/fimaher.com\/ca\/wp-json\/wp\/v2\/types\/page"}],"author":[{"embeddable":true,"href":"https:\/\/fimaher.com\/ca\/wp-json\/wp\/v2\/users\/1"}],"replies":[{"embeddable":true,"href":"https:\/\/fimaher.com\/ca\/wp-json\/wp\/v2\/comments?post=606"}],"version-history":[{"count":8,"href":"https:\/\/fimaher.com\/ca\/wp-json\/wp\/v2\/pages\/606\/revisions"}],"predecessor-version":[{"id":702,"href":"https:\/\/fimaher.com\/ca\/wp-json\/wp\/v2\/pages\/606\/revisions\/702"}],"wp:attachment":[{"href":"https:\/\/fimaher.com\/ca\/wp-json\/wp\/v2\/media?parent=606"}],"curies":[{"name":"wp","href":"https:\/\/api.w.org\/{rel}","templated":true}]}}