{"id":623,"date":"2018-09-04T12:47:21","date_gmt":"2018-09-04T10:47:21","guid":{"rendered":"http:\/\/fimaher.pruebasweb.com.es\/tripa-de-ternera\/"},"modified":"2018-10-22T13:43:10","modified_gmt":"2018-10-22T11:43:10","slug":"tripa-de-vedella","status":"publish","type":"page","link":"https:\/\/fimaher.com\/ca\/tripa-de-vedella\/","title":{"rendered":"Tripa de vedella"},"content":{"rendered":"<p><div class=\"fusion-fullwidth fullwidth-box fusion-builder-row-1 fusion-parallax-none hundred-percent-fullwidth non-hundred-percent-height-scrolling\" style=\"--awb-border-radius-top-left:0px;--awb-border-radius-top-right:0px;--awb-border-radius-bottom-right:0px;--awb-border-radius-bottom-left:0px;--awb-padding-top:8%;--awb-padding-bottom:8%;--awb-margin-bottom:0px;--awb-background-image:url(&quot;https:\/\/fimaher.com\/wp-content\/uploads\/tripa-ternera-slider-fimaher.jpg&quot;);--awb-background-size:cover;--awb-flex-wrap:wrap;\" ><div class=\"fusion-builder-row fusion-row\"><div class=\"fusion-layout-column fusion_builder_column fusion-builder-column-0 fusion_builder_column_1_1 1_1 fusion-one-full fusion-column-first fusion-column-last\" style=\"--awb-bg-size:cover;\"><div class=\"fusion-column-wrapper fusion-flex-column-wrapper-legacy\"><div class=\"fusion-clearfix\"><\/div><\/div><\/div><\/div><\/div><div class=\"fusion-fullwidth fullwidth-box fusion-builder-row-2 nonhundred-percent-fullwidth non-hundred-percent-height-scrolling\" style=\"--awb-border-radius-top-left:0px;--awb-border-radius-top-right:0px;--awb-border-radius-bottom-right:0px;--awb-border-radius-bottom-left:0px;--awb-padding-top:3%;--awb-flex-wrap:wrap;\" ><div class=\"fusion-builder-row fusion-row\"><div class=\"fusion-layout-column fusion_builder_column fusion-builder-column-1 fusion_builder_column_1_1 1_1 fusion-one-full fusion-column-first fusion-column-last\" style=\"--awb-bg-size:cover;\"><div class=\"fusion-column-wrapper fusion-flex-column-wrapper-legacy\"><div class=\"fusion-text fusion-text-1\"><h1 style=\"text-align: center; color: #146aa2; font-size: 52px; line-height: 54px;\">TRIPA DE VEDELLA<\/h1>\n<\/div><div class=\"fusion-clearfix\"><\/div><\/div><\/div><\/div><\/div><div class=\"fusion-fullwidth fullwidth-box fusion-builder-row-3 nonhundred-percent-fullwidth non-hundred-percent-height-scrolling\" style=\"--awb-border-radius-top-left:0px;--awb-border-radius-top-right:0px;--awb-border-radius-bottom-right:0px;--awb-border-radius-bottom-left:0px;--awb-padding-top:3%;--awb-flex-wrap:wrap;\" ><div class=\"fusion-builder-row fusion-row\"><div class=\"fusion-layout-column fusion_builder_column fusion-builder-column-2 fusion_builder_column_1_2 1_2 fusion-one-half fusion-column-first\" style=\"--awb-bg-size:cover;width:50%;width:calc(50% - ( ( 4% ) * 0.5 ) );margin-right: 4%;\"><div class=\"fusion-column-wrapper fusion-flex-column-wrapper-legacy\"><div class=\"fusion-sep-clear\"><\/div><div class=\"fusion-separator fusion-full-width-sep\" style=\"margin-left: auto;margin-right: auto;margin-top:40px;width:100%;\"><\/div><div class=\"fusion-sep-clear\"><\/div><div class=\"fusion-text fusion-text-2\"><p><span class=\"fusion-dropcap dropcap dropcap-boxed\">L<\/span>a tripa de vedella t\u00e9 com a principal caracter\u00edstica un calibre ample i major resist\u00e8ncia.<\/p>\n<p>\u00c9s la tripa<strong> ideal per a embotits curats i cuits de qualitat<\/strong>.<\/p>\n<\/div><div class=\"fusion-clearfix\"><\/div><\/div><\/div><div class=\"fusion-layout-column fusion_builder_column fusion-builder-column-3 fusion_builder_column_1_2 1_2 fusion-one-half fusion-column-last\" style=\"--awb-bg-size:cover;width:50%;width:calc(50% - ( ( 4% ) * 0.5 ) );\"><div class=\"fusion-column-wrapper fusion-flex-column-wrapper-legacy\"><div class=\"fusion-image-element in-legacy-container\" style=\"--awb-caption-title-font-family:var(--h2_typography-font-family);--awb-caption-title-font-weight:var(--h2_typography-font-weight);--awb-caption-title-font-style:var(--h2_typography-font-style);--awb-caption-title-size:var(--h2_typography-font-size);--awb-caption-title-transform:var(--h2_typography-text-transform);--awb-caption-title-line-height:var(--h2_typography-line-height);--awb-caption-title-letter-spacing:var(--h2_typography-letter-spacing);\"><span class=\" fusion-imageframe imageframe-none imageframe-1 hover-type-none\"><img decoding=\"async\" width=\"800\" height=\"348\" title=\"tripa-vedella-fimaher\" src=\"https:\/\/fimaher.com\/wp-content\/uploads\/tripa-ternera-fimaher-1.jpg\" alt class=\"img-responsive wp-image-650\" srcset=\"https:\/\/fimaher.com\/wp-content\/uploads\/tripa-ternera-fimaher-1-200x87.jpg 200w, https:\/\/fimaher.com\/wp-content\/uploads\/tripa-ternera-fimaher-1-400x174.jpg 400w, https:\/\/fimaher.com\/wp-content\/uploads\/tripa-ternera-fimaher-1-600x261.jpg 600w, https:\/\/fimaher.com\/wp-content\/uploads\/tripa-ternera-fimaher-1.jpg 800w\" sizes=\"(max-width: 800px) 100vw, 600px\" \/><\/span><\/div><div class=\"fusion-clearfix\"><\/div><\/div><\/div><\/div><\/div><div class=\"fusion-fullwidth fullwidth-box fusion-builder-row-4 nonhundred-percent-fullwidth non-hundred-percent-height-scrolling\" style=\"--awb-border-radius-top-left:0px;--awb-border-radius-top-right:0px;--awb-border-radius-bottom-right:0px;--awb-border-radius-bottom-left:0px;--awb-margin-top:40px;--awb-flex-wrap:wrap;\" ><div class=\"fusion-builder-row fusion-row\"><div class=\"fusion-layout-column fusion_builder_column fusion-builder-column-4 fusion_builder_column_1_3 1_3 fusion-one-third fusion-column-first\" style=\"--awb-bg-size:cover;width:33.333333333333%;width:calc(33.333333333333% - ( ( 4% + 4% ) * 0.33333333333333 ) );margin-right: 4%;\"><div class=\"fusion-column-wrapper fusion-flex-column-wrapper-legacy\"><div class=\"fusion-text fusion-text-3\"><h2 style=\"text-align: left;\">TRIPA FINA DE VEDELLA<\/h2>\n<\/div><div class=\"fusion-sep-clear\"><\/div><div class=\"fusion-separator fusion-clearfix\" style=\"float:left;margin-bottom:32px;width:100%;max-width:25%;\"><div class=\"fusion-separator-border sep-single sep-solid\" style=\"--awb-height:20px;--awb-amount:20px;--awb-sep-color:#146aa2;border-color:#146aa2;border-top-width:2px;\"><\/div><\/div><div class=\"fusion-sep-clear\"><\/div><div class=\"fusion-text fusion-text-4\"><p><strong>Presentaci\u00f3:<\/strong><\/p>\n<p>En madeixes est\u00e0ndard de 30 metres de longitud.<\/p>\n<p><strong>Calibre:<\/strong><\/p>\n<p>Des de 36-38 mm, fins 40-43 mm.<\/p>\n<p><strong>Preparaci\u00f3:<\/strong><\/p>\n<p>Madeixa salada.<\/p>\n<\/div><div class=\"fusion-clearfix\"><\/div><\/div><\/div><div class=\"fusion-layout-column fusion_builder_column fusion-builder-column-5 fusion_builder_column_1_3 1_3 fusion-one-third\" style=\"--awb-bg-size:cover;width:33.333333333333%;width:calc(33.333333333333% - ( ( 4% + 4% ) * 0.33333333333333 ) );margin-right: 4%;\"><div class=\"fusion-column-wrapper fusion-flex-column-wrapper-legacy\"><div class=\"fusion-text fusion-text-5\"><h2 style=\"text-align: left;\">RECTE (ROSCAL) DE VEDELLA<\/h2>\n<\/div><div class=\"fusion-sep-clear\"><\/div><div class=\"fusion-separator fusion-clearfix\" style=\"float:left;margin-bottom:32px;width:100%;max-width:25%;\"><div class=\"fusion-separator-border sep-single sep-solid\" style=\"--awb-height:20px;--awb-amount:20px;--awb-sep-color:#146aa2;border-color:#146aa2;border-top-width:2px;\"><\/div><\/div><div class=\"fusion-sep-clear\"><\/div><div class=\"fusion-text fusion-text-6\"><p><strong>Presentaci\u00f3:<\/strong><\/p>\n<p>En madeixes est\u00e0ndard de 18 a 30 metres de longitud.<\/p>\n<p><strong>Calibre:<\/strong><\/p>\n<p>Des de 45-50 mm, fins 60 mm.<\/p>\n<p><strong>Preparaci\u00f3:<\/strong><\/p>\n<p>Madeixa salada.<\/p>\n<\/div><div class=\"fusion-clearfix\"><\/div><\/div><\/div><div class=\"fusion-layout-column fusion_builder_column fusion-builder-column-6 fusion_builder_column_1_3 1_3 fusion-one-third fusion-column-last\" style=\"--awb-bg-size:cover;width:33.333333333333%;width:calc(33.333333333333% - ( ( 4% + 4% ) * 0.33333333333333 ) );\"><div class=\"fusion-column-wrapper fusion-flex-column-wrapper-legacy\"><div class=\"fusion-text fusion-text-7\"><h2 style=\"text-align: left;\">CEC DE VEDELLA<\/h2>\n<\/div><div class=\"fusion-sep-clear\"><\/div><div class=\"fusion-separator fusion-clearfix\" style=\"float:left;margin-bottom:32px;width:100%;max-width:25%;\"><div class=\"fusion-separator-border sep-single sep-solid\" style=\"--awb-height:20px;--awb-amount:20px;--awb-sep-color:#146aa2;border-color:#146aa2;border-top-width:2px;\"><\/div><\/div><div class=\"fusion-sep-clear\"><\/div><div class=\"fusion-text fusion-text-8\"><p><strong>Presentaci\u00f3:<\/strong><\/p>\n<p>En malles est\u00e0ndard de 5 o 10 unitats cadascuna, amb possibilitat d&#8217;oferir un altre presentaci\u00f3 a petici\u00f3 del client.<\/p>\n<p><strong>Calibre:<\/strong><\/p>\n<p>A partir de 75 mm.<\/p>\n<p><strong>Preparaci\u00f3:<\/strong><\/p>\n<p>Pe\u00e7a salada.<\/p>\n<\/div><div class=\"fusion-clearfix\"><\/div><\/div><\/div><\/div><\/div><div class=\"fusion-bg-parallax\" data-bg-align=\"center center\" data-direction=\"up\" data-mute=\"false\" data-opacity=\"100\" data-velocity=\"-0.3\" data-mobile-enabled=\"false\" data-break_parents=\"0\" data-bg-image=\"https:\/\/fimaher.com\/wp-content\/uploads\/tripas-fimaher-embutidos-fondo.jpg\" data-bg-repeat=\"false\" ><\/div><div class=\"fusion-fullwidth fullwidth-box fusion-builder-row-5 fusion-parallax-up nonhundred-percent-fullwidth hundred-percent-height hundred-percent-height-center-content non-hundred-percent-height-scrolling\" style=\"--awb-border-radius-top-left:0px;--awb-border-radius-top-right:0px;--awb-border-radius-bottom-right:0px;--awb-border-radius-bottom-left:0px;--awb-padding-top:10%;--awb-padding-bottom:10%;--awb-margin-top:60px;--awb-background-image:url(&quot;https:\/\/fimaher.com\/wp-content\/uploads\/tripas-fimaher-embutidos-fondo.jpg&quot;);--awb-background-size:cover;--awb-flex-wrap:wrap;\" ><div class=\"fusion-fullwidth-center-content\"><div class=\"fusion-builder-row fusion-row\"><div class=\"fusion-layout-column fusion_builder_column fusion-builder-column-7 fusion_builder_column_1_1 1_1 fusion-one-full fusion-column-first fusion-column-last fondohome\" style=\"--awb-bg-color:rgba(255,255,255,0);--awb-bg-color-hover:rgba(255,255,255,0);--awb-bg-size:cover;\"><div class=\"fusion-column-wrapper fusion-flex-column-wrapper-legacy\"><div class=\"fusion-text fusion-text-9\"><p class=\"contacto\">Contacta amb nosaltres<\/p>\n<\/div><div class=\"fusion-text fusion-text-10\"><p class=\"subcontacto\">Si necessites m\u00e9s informaci\u00f3 sobre els nostres productes, us atendrem amb molt de gust.<\/p>\n<\/div><div class=\"fusion-sep-clear\"><\/div><div class=\"fusion-separator fusion-full-width-sep\" style=\"margin-left: auto;margin-right: auto;margin-top:32px;width:100%;\"><\/div><div class=\"fusion-sep-clear\"><\/div><div class=\"fusion-button-wrapper fusion-aligncenter\"><a class=\"fusion-button button-flat button-xlarge button-default fusion-button-default button-1 fusion-button-default-span fusion-button-default-type\" target=\"_self\" href=\"\/ca\/contactar-fimaher\/\"><span class=\"fusion-button-text awb-button__text awb-button__text--default\">CONTACTE<\/span><\/a><\/div><div class=\"fusion-clearfix\"><\/div><\/div><\/div><\/div><\/div><\/div><\/p>\n","protected":false},"excerpt":{"rendered":"","protected":false},"author":1,"featured_media":0,"parent":0,"menu_order":0,"comment_status":"closed","ping_status":"closed","template":"100-width.php","meta":{"footnotes":""},"class_list":["post-623","page","type-page","status-publish","hentry"],"yoast_head":"<!-- This site is optimized with the Yoast SEO plugin v27.4 - https:\/\/yoast.com\/product\/yoast-seo-wordpress\/ -->\n<title>Tripa de vedella fina, recte i cecs - Fimaher<\/title>\n<meta name=\"description\" content=\"Fimaher \u00e9s una triperia que elabora tripa natural. De tripa de vedella disposem madeixes de tripa fina, recte (roscal) i cecs.\" \/>\n<meta name=\"robots\" content=\"index, follow, max-snippet:-1, max-image-preview:large, max-video-preview:-1\" \/>\n<link rel=\"canonical\" href=\"https:\/\/fimaher.com\/ca\/tripa-de-vedella\/\" \/>\n<meta property=\"og:locale\" content=\"ca_ES\" \/>\n<meta property=\"og:type\" content=\"article\" \/>\n<meta property=\"og:title\" content=\"Tripa de vedella fina, recte i cecs - Fimaher\" \/>\n<meta property=\"og:description\" content=\"Fimaher \u00e9s una triperia que elabora tripa natural. De tripa de vedella disposem madeixes de tripa fina, recte (roscal) i cecs.\" \/>\n<meta property=\"og:url\" content=\"https:\/\/fimaher.com\/ca\/tripa-de-vedella\/\" \/>\n<meta property=\"og:site_name\" content=\"Fimaher - Fabricantes de tripa natural para embutidos\" \/>\n<meta property=\"article:modified_time\" content=\"2018-10-22T11:43:10+00:00\" \/>\n<meta name=\"twitter:card\" content=\"summary_large_image\" \/>\n<meta name=\"twitter:label1\" content=\"Temps estimat de lectura\" \/>\n\t<meta name=\"twitter:data1\" content=\"9 minuts\" \/>\n<script type=\"application\/ld+json\" class=\"yoast-schema-graph\">{\"@context\":\"https:\\\/\\\/schema.org\",\"@graph\":[{\"@type\":\"WebPage\",\"@id\":\"https:\\\/\\\/fimaher.com\\\/ca\\\/tripa-de-vedella\\\/\",\"url\":\"https:\\\/\\\/fimaher.com\\\/ca\\\/tripa-de-vedella\\\/\",\"name\":\"Tripa de vedella fina, recte i cecs - Fimaher\",\"isPartOf\":{\"@id\":\"https:\\\/\\\/fimaher.com\\\/#website\"},\"datePublished\":\"2018-09-04T10:47:21+00:00\",\"dateModified\":\"2018-10-22T11:43:10+00:00\",\"description\":\"Fimaher \u00e9s una triperia que elabora tripa natural. De tripa de vedella disposem madeixes de tripa fina, recte (roscal) i cecs.\",\"breadcrumb\":{\"@id\":\"https:\\\/\\\/fimaher.com\\\/ca\\\/tripa-de-vedella\\\/#breadcrumb\"},\"inLanguage\":\"ca\",\"potentialAction\":[{\"@type\":\"ReadAction\",\"target\":[\"https:\\\/\\\/fimaher.com\\\/ca\\\/tripa-de-vedella\\\/\"]}]},{\"@type\":\"BreadcrumbList\",\"@id\":\"https:\\\/\\\/fimaher.com\\\/ca\\\/tripa-de-vedella\\\/#breadcrumb\",\"itemListElement\":[{\"@type\":\"ListItem\",\"position\":1,\"name\":\"Portada\",\"item\":\"https:\\\/\\\/fimaher.com\\\/ca\\\/\"},{\"@type\":\"ListItem\",\"position\":2,\"name\":\"Tripa de vedella\"}]},{\"@type\":\"WebSite\",\"@id\":\"https:\\\/\\\/fimaher.com\\\/#website\",\"url\":\"https:\\\/\\\/fimaher.com\\\/\",\"name\":\"Fimaher - Fabricantes de tripa natural para embutidos\",\"description\":\"Triper\u00eda productora de tripa natural de gran calidad para embutidos frescos, curados y cocidos. Venta de tripa entubada, para hacer m\u00e1s f\u00e1cil el proceso de embutido.\",\"potentialAction\":[{\"@type\":\"SearchAction\",\"target\":{\"@type\":\"EntryPoint\",\"urlTemplate\":\"https:\\\/\\\/fimaher.com\\\/?s={search_term_string}\"},\"query-input\":{\"@type\":\"PropertyValueSpecification\",\"valueRequired\":true,\"valueName\":\"search_term_string\"}}],\"inLanguage\":\"ca\"}]}<\/script>\n<!-- \/ Yoast SEO plugin. -->","yoast_head_json":{"title":"Tripa de vedella fina, recte i cecs - Fimaher","description":"Fimaher \u00e9s una triperia que elabora tripa natural. De tripa de vedella disposem madeixes de tripa fina, recte (roscal) i cecs.","robots":{"index":"index","follow":"follow","max-snippet":"max-snippet:-1","max-image-preview":"max-image-preview:large","max-video-preview":"max-video-preview:-1"},"canonical":"https:\/\/fimaher.com\/ca\/tripa-de-vedella\/","og_locale":"ca_ES","og_type":"article","og_title":"Tripa de vedella fina, recte i cecs - Fimaher","og_description":"Fimaher \u00e9s una triperia que elabora tripa natural. De tripa de vedella disposem madeixes de tripa fina, recte (roscal) i cecs.","og_url":"https:\/\/fimaher.com\/ca\/tripa-de-vedella\/","og_site_name":"Fimaher - Fabricantes de tripa natural para embutidos","article_modified_time":"2018-10-22T11:43:10+00:00","twitter_card":"summary_large_image","twitter_misc":{"Temps estimat de lectura":"9 minuts"},"schema":{"@context":"https:\/\/schema.org","@graph":[{"@type":"WebPage","@id":"https:\/\/fimaher.com\/ca\/tripa-de-vedella\/","url":"https:\/\/fimaher.com\/ca\/tripa-de-vedella\/","name":"Tripa de vedella fina, recte i cecs - Fimaher","isPartOf":{"@id":"https:\/\/fimaher.com\/#website"},"datePublished":"2018-09-04T10:47:21+00:00","dateModified":"2018-10-22T11:43:10+00:00","description":"Fimaher \u00e9s una triperia que elabora tripa natural. De tripa de vedella disposem madeixes de tripa fina, recte (roscal) i cecs.","breadcrumb":{"@id":"https:\/\/fimaher.com\/ca\/tripa-de-vedella\/#breadcrumb"},"inLanguage":"ca","potentialAction":[{"@type":"ReadAction","target":["https:\/\/fimaher.com\/ca\/tripa-de-vedella\/"]}]},{"@type":"BreadcrumbList","@id":"https:\/\/fimaher.com\/ca\/tripa-de-vedella\/#breadcrumb","itemListElement":[{"@type":"ListItem","position":1,"name":"Portada","item":"https:\/\/fimaher.com\/ca\/"},{"@type":"ListItem","position":2,"name":"Tripa de vedella"}]},{"@type":"WebSite","@id":"https:\/\/fimaher.com\/#website","url":"https:\/\/fimaher.com\/","name":"Fimaher - Fabricantes de tripa natural para embutidos","description":"Triper\u00eda productora de tripa natural de gran calidad para embutidos frescos, curados y cocidos. Venta de tripa entubada, para hacer m\u00e1s f\u00e1cil el proceso de embutido.","potentialAction":[{"@type":"SearchAction","target":{"@type":"EntryPoint","urlTemplate":"https:\/\/fimaher.com\/?s={search_term_string}"},"query-input":{"@type":"PropertyValueSpecification","valueRequired":true,"valueName":"search_term_string"}}],"inLanguage":"ca"}]}},"_links":{"self":[{"href":"https:\/\/fimaher.com\/ca\/wp-json\/wp\/v2\/pages\/623","targetHints":{"allow":["GET"]}}],"collection":[{"href":"https:\/\/fimaher.com\/ca\/wp-json\/wp\/v2\/pages"}],"about":[{"href":"https:\/\/fimaher.com\/ca\/wp-json\/wp\/v2\/types\/page"}],"author":[{"embeddable":true,"href":"https:\/\/fimaher.com\/ca\/wp-json\/wp\/v2\/users\/1"}],"replies":[{"embeddable":true,"href":"https:\/\/fimaher.com\/ca\/wp-json\/wp\/v2\/comments?post=623"}],"version-history":[{"count":7,"href":"https:\/\/fimaher.com\/ca\/wp-json\/wp\/v2\/pages\/623\/revisions"}],"predecessor-version":[{"id":743,"href":"https:\/\/fimaher.com\/ca\/wp-json\/wp\/v2\/pages\/623\/revisions\/743"}],"wp:attachment":[{"href":"https:\/\/fimaher.com\/ca\/wp-json\/wp\/v2\/media?parent=623"}],"curies":[{"name":"wp","href":"https:\/\/api.w.org\/{rel}","templated":true}]}}