{"id":630,"date":"2018-09-04T16:39:24","date_gmt":"2018-09-04T14:39:24","guid":{"rendered":"http:\/\/fimaher.pruebasweb.com.es\/fabricante-tripa-natural\/"},"modified":"2022-02-24T12:33:31","modified_gmt":"2022-02-24T11:33:31","slug":"elaborador-tripa-natural","status":"publish","type":"page","link":"https:\/\/fimaher.com\/ca\/elaborador-tripa-natural\/","title":{"rendered":"Sobre Fimaher"},"content":{"rendered":"<p><div class=\"fusion-fullwidth fullwidth-box fusion-builder-row-1 fusion-parallax-none hundred-percent-fullwidth non-hundred-percent-height-scrolling\" style=\"--awb-border-radius-top-left:0px;--awb-border-radius-top-right:0px;--awb-border-radius-bottom-right:0px;--awb-border-radius-bottom-left:0px;--awb-padding-top:8%;--awb-padding-bottom:8%;--awb-margin-bottom:0px;--awb-background-image:url(&quot;https:\/\/fimaher.com\/wp-content\/uploads\/cabecera-sobre-fimaher.jpg&quot;);--awb-background-size:cover;--awb-flex-wrap:wrap;\" ><div class=\"fusion-builder-row fusion-row\"><div class=\"fusion-layout-column fusion_builder_column fusion-builder-column-0 fusion_builder_column_1_1 1_1 fusion-one-full fusion-column-first fusion-column-last\" style=\"--awb-bg-size:cover;\"><div class=\"fusion-column-wrapper fusion-flex-column-wrapper-legacy\"><div class=\"fusion-clearfix\"><\/div><\/div><\/div><\/div><\/div><div class=\"fusion-fullwidth fullwidth-box fusion-builder-row-2 nonhundred-percent-fullwidth non-hundred-percent-height-scrolling\" style=\"--awb-border-radius-top-left:0px;--awb-border-radius-top-right:0px;--awb-border-radius-bottom-right:0px;--awb-border-radius-bottom-left:0px;--awb-padding-top:3%;--awb-flex-wrap:wrap;\" ><div class=\"fusion-builder-row fusion-row\"><div class=\"fusion-layout-column fusion_builder_column fusion-builder-column-1 fusion_builder_column_1_1 1_1 fusion-one-full fusion-column-first fusion-column-last\" style=\"--awb-bg-size:cover;\"><div class=\"fusion-column-wrapper fusion-flex-column-wrapper-legacy\"><div class=\"fusion-text fusion-text-1\"><h1 style=\"text-align: center; color: #146aa2; font-size: 52px;\">Elaborador de tripa natural<\/h1>\n<\/div><div class=\"fusion-clearfix\"><\/div><\/div><\/div><\/div><\/div><div class=\"fusion-fullwidth fullwidth-box fusion-builder-row-3 nonhundred-percent-fullwidth non-hundred-percent-height-scrolling\" style=\"--awb-background-position:left top;--awb-border-radius-top-left:0px;--awb-border-radius-top-right:0px;--awb-border-radius-bottom-right:0px;--awb-border-radius-bottom-left:0px;--awb-flex-wrap:wrap;\" ><div class=\"fusion-builder-row fusion-row\"><div class=\"fusion-layout-column fusion_builder_column fusion-builder-column-2 fusion_builder_column_1_2 1_2 fusion-one-half fusion-column-first fusion-no-small-visibility\" style=\"--awb-bg-size:cover;width:50%;width:calc(50% - ( ( 4% ) * 0.5 ) );margin-right: 4%;\"><div class=\"fusion-column-wrapper fusion-flex-column-wrapper-legacy\"><div class=\"fusion-text fusion-text-2\"><h2 style=\"text-align: center;\" data-fontsize=\"24\" data-lineheight=\"36\">Productors de tripa natural<\/h2>\n<h2><\/h2>\n<\/div><div class=\"fusion-text fusion-text-3\"><p><strong>Tripas Fimaher<\/strong> elabora tripa natural per a embotits (frescos, cuits i curats). Distribu\u00efm els nostres productes a fabricants d&#8217;embotits artesans, xarcuters i petits productors.<\/p>\n<p>Disposem d&#8217;una \u00e0mplia gamma de calibres pel que podem cobrir les necessitats dels nostres clients.<\/p>\n<\/div><div class=\"fusion-clearfix\"><\/div><\/div><\/div><div class=\"fusion-layout-column fusion_builder_column fusion-builder-column-3 fusion_builder_column_1_2 1_2 fusion-one-half fusion-column-last fusion-animated\" style=\"--awb-padding-top:40px;--awb-padding-right:40px;--awb-padding-bottom:40px;--awb-padding-left:40px;--awb-bg-color:#146aa2;--awb-bg-color-hover:#146aa2;--awb-bg-size:cover;--awb-border-color:#208dcc;--awb-border-top:15px;--awb-border-right:15px;--awb-border-bottom:15px;--awb-border-left:15px;--awb-border-style:solid;width:50%;width:calc(50% - ( ( 4% ) * 0.5 ) );\" data-animationType=\"slideInRight\" data-animationDuration=\"0.6\" data-animationOffset=\"top-into-view\"><div class=\"fusion-column-wrapper fusion-flex-column-wrapper-legacy\"><div class=\"fusion-title title fusion-title-1 fusion-sep-none fusion-title-center fusion-title-text fusion-title-size-two\" style=\"--awb-margin-bottom:10px;--awb-margin-top-small:10px;--awb-margin-right-small:0px;--awb-margin-bottom-small:10px;--awb-margin-left-small:0px;\"><h2 class=\"fusion-title-heading title-heading-center fusion-responsive-typography-calculated\" style=\"margin:0;--fontSize:24;line-height:1.50;\"><p style=\"text-align: center;\"><span style=\"color: #ffffff;\">Ens caracteritzem per oferir productes de qualitat a preus competitius<\/span><\/p><\/h2><\/div><div class=\"fusion-clearfix\"><\/div><\/div><\/div><\/div><\/div><div class=\"fusion-fullwidth fullwidth-box fusion-builder-row-4 nonhundred-percent-fullwidth non-hundred-percent-height-scrolling fusion-equal-height-columns\" style=\"--awb-border-radius-top-left:0px;--awb-border-radius-top-right:0px;--awb-border-radius-bottom-right:0px;--awb-border-radius-bottom-left:0px;--awb-padding-top:100px;--awb-padding-bottom:0px;--awb-flex-wrap:wrap;\" ><div class=\"fusion-builder-row fusion-row\"><div class=\"fusion-layout-column fusion_builder_column fusion-builder-column-4 fusion_builder_column_1_1 1_1 fusion-one-full fusion-column-first fusion-column-last\" style=\"--awb-bg-size:cover;--awb-margin-bottom:0px;\"><div class=\"fusion-column-wrapper fusion-flex-column-wrapper-legacy\"><div class=\"fusion-content-boxes content-boxes columns row fusion-columns-3 fusion-columns-total-3 fusion-content-boxes-1 content-boxes-icon-on-top content-left txtboxfimaher\" style=\"--awb-backgroundcolor:#03a9f4;--awb-body-color:#222222;--awb-title-color:#222222;--awb-hover-accent-color:#1e73be;--awb-circle-hover-accent-color:#1e73be;\" data-animationOffset=\"top-into-view\"><div style=\"--awb-backgroundcolor:#f7f7f7;\" class=\"fusion-column content-box-column content-box-column content-box-column-1 col-lg-4 col-md-4 col-sm-4 fusion-content-box-hover content-box-column-first-in-row\"><div class=\"col content-box-wrapper content-wrapper-background link-area-link-icon icon-hover-animation-fade\" data-animationOffset=\"top-into-view\"><div class=\"heading heading-with-icon icon-left\"><div aria-hidden=\"true\" class=\"image\"><img decoding=\"async\" src=\"https:\/\/fimaher.com\/wp-content\/uploads\/calidad.png\" width=\"115\" height=\"115\" alt=\"\" \/><\/div><h3 class=\"content-box-heading fusion-responsive-typography-calculated\" style=\"--h3_typography-font-size:21px;--fontSize:21;line-height:1.48;\">QUALITAT<\/h3><\/div><div class=\"fusion-clearfix\"><\/div><div class=\"content-container\">Fidels al nostre comprom\u00eds amb la qualitat i seguretat aliment\u00e0ria, <strong>TRIPAS FIMAHER<\/strong>, disposa de la <strong>certificaci\u00f3 <a href=\"https:\/\/fimaher.com\/pdf\/iso-fimaher-2200.pdf\" target=\"_blank\" rel=\"noopener\">ISO22000<\/a><\/strong>, que garanteix la qualitat de tots els nostres productes.<\/p>\n<div class=\"fusion-button-wrapper fusion-aligncenter\"><a class=\"fusion-button button-flat fusion-button-default-size button-default fusion-button-default button-1 fusion-button-default-span fusion-button-default-type\" target=\"_blank\" rel=\"noopener noreferrer\" href=\"https:\/\/fimaher.com\/pdf\/iso-fimaher-2200.pdf\"><i class=\"fa-download fas awb-button__icon awb-button__icon--default button-icon-left\" aria-hidden=\"true\"><\/i><span class=\"fusion-button-text awb-button__text awb-button__text--default\">Descarregar PDF ISO 22000<\/span><\/a><\/div><\/div><\/div><\/div><div style=\"--awb-backgroundcolor:#f7f7f7;\" class=\"fusion-column content-box-column content-box-column content-box-column-2 col-lg-4 col-md-4 col-sm-4 fusion-content-box-hover \"><div class=\"col content-box-wrapper content-wrapper-background link-area-link-icon icon-hover-animation-fade\" data-animationOffset=\"top-into-view\"><div class=\"heading heading-with-icon icon-left\"><div aria-hidden=\"true\" class=\"image\"><img decoding=\"async\" src=\"https:\/\/fimaher.com\/wp-content\/uploads\/servicio.png\" width=\"115\" height=\"115\" alt=\"\" \/><\/div><h3 class=\"content-box-heading fusion-responsive-typography-calculated\" style=\"--h3_typography-font-size:21px;--fontSize:21;line-height:1.48;\">SERVEI<\/h3><\/div><div class=\"fusion-clearfix\"><\/div><div class=\"content-container\">\n<p style=\"text-align: justify;\">Assegurem un <strong>servei regular en els nostres productes<\/strong>.<\/p>\n<p style=\"text-align: justify;\">Disposem de personal qualificat per adaptar-nos a les necessitats dels nostres clients<\/p>\n<\/div><\/div><\/div><div style=\"--awb-backgroundcolor:#f7f7f7;\" class=\"fusion-column content-box-column content-box-column content-box-column-3 col-lg-4 col-md-4 col-sm-4 fusion-content-box-hover content-box-column-last content-box-column-last-in-row\"><div class=\"col content-box-wrapper content-wrapper-background link-area-link-icon icon-hover-animation-fade\" data-animationOffset=\"top-into-view\"><div class=\"heading heading-with-icon icon-left\"><div aria-hidden=\"true\" class=\"image\"><img decoding=\"async\" src=\"https:\/\/fimaher.com\/wp-content\/uploads\/experiencia.png\" width=\"115\" height=\"115\" alt=\"\" \/><\/div><h3 class=\"content-box-heading fusion-responsive-typography-calculated\" style=\"--h3_typography-font-size:21px;--fontSize:21;line-height:1.48;\">EXPERI\u00c8NCIA<\/h3><\/div><div class=\"fusion-clearfix\"><\/div><div class=\"content-container\">\n<p style=\"text-align: justify;\">Tenim<strong> gran experi\u00e8ncia en el nostre sector<\/strong> i la posem al servei dels nostres clients<\/p>\n<p style=\"text-align: justify;\"><strong>Assessorament i tracte personalitzat.<\/strong><\/p>\n<\/div><\/div><\/div><div class=\"fusion-clearfix\"><\/div><\/div><div class=\"fusion-clearfix\"><\/div><\/div><\/div><\/div><\/div><div class=\"fusion-fullwidth fullwidth-box fusion-builder-row-5 nonhundred-percent-fullwidth non-hundred-percent-height-scrolling\" style=\"--awb-border-radius-top-left:0px;--awb-border-radius-top-right:0px;--awb-border-radius-bottom-right:0px;--awb-border-radius-bottom-left:0px;--awb-flex-wrap:wrap;\" ><div class=\"fusion-builder-row fusion-row\"><div class=\"fusion-layout-column fusion_builder_column fusion-builder-column-5 fusion_builder_column_1_2 1_2 fusion-one-half fusion-column-first\" style=\"--awb-bg-size:cover;width:50%;width:calc(50% - ( ( 4% ) * 0.5 ) );margin-right: 4%;\"><div class=\"fusion-column-wrapper fusion-flex-column-wrapper-legacy\"><div class=\"fusion-text fusion-text-4\"><h2 style=\"text-align: left;\" data-fontsize=\"24\">Sobre la nostra empresa<\/h2>\n<\/div><div class=\"fusion-sep-clear\"><\/div><div class=\"fusion-separator fusion-clearfix\" style=\"float:left;margin-bottom:32px;width:100%;max-width:25%;\"><div class=\"fusion-separator-border sep-single sep-solid\" style=\"--awb-height:20px;--awb-amount:20px;--awb-sep-color:#146aa2;border-color:#146aa2;border-top-width:2px;\"><\/div><\/div><div class=\"fusion-sep-clear\"><\/div><div class=\"fusion-clearfix\"><\/div><\/div><\/div><div class=\"fusion-layout-column fusion_builder_column fusion-builder-column-6 fusion_builder_column_1_2 1_2 fusion-one-half fusion-column-last\" style=\"--awb-bg-size:cover;width:50%;width:calc(50% - ( ( 4% ) * 0.5 ) );\"><div class=\"fusion-column-wrapper fusion-flex-column-wrapper-legacy\"><div class=\"fusion-clearfix\"><\/div><\/div><\/div><\/div><\/div><div class=\"fusion-fullwidth fullwidth-box fusion-builder-row-6 nonhundred-percent-fullwidth non-hundred-percent-height-scrolling\" style=\"--awb-border-radius-top-left:0px;--awb-border-radius-top-right:0px;--awb-border-radius-bottom-right:0px;--awb-border-radius-bottom-left:0px;--awb-padding-bottom:4%;--awb-flex-wrap:wrap;\" ><div class=\"fusion-builder-row fusion-row\"><div class=\"fusion-layout-column fusion_builder_column fusion-builder-column-7 fusion_builder_column_1_2 1_2 fusion-one-half fusion-column-first\" style=\"--awb-bg-size:cover;width:50%;width:calc(50% - ( ( 4% ) * 0.5 ) );margin-right: 4%;\"><div class=\"fusion-column-wrapper fusion-flex-column-wrapper-legacy\"><div class=\"fusion-text fusion-text-5\"><p><strong>Tripas Fimaher<\/strong> \u00e9s una empresa familiar que ha sabut combinar una llarga experi\u00e8ncia en el sector amb un equip jove i emprenedor amb la voluntat d&#8217;evolucionar i cr\u00e8ixer.<\/p>\n<p><strong>Vam iniciar la nostra activitat al 1974<\/strong>, quan Manel Hern\u00e1ndez Grau -el nostre pare- va fundar la seva pr\u00f2pia empresa despr\u00e9s d&#8217;haver treballat durant anys en el sector. Poc temps despr\u00e9s, ja assolia un bon posicionament en el sector.<\/p>\n<p>Posteriorment, <b>els fills ens vam unir al projecte, iniciant una nova etapa de creixement a l&#8217;empresa que va culminar el 1996 quan vam inaugurar\u00a0les instal\u00b7lacions actuals<\/b>.<\/p>\n<p>Actualment, som fabricants de tripa natural i comercialitzem productes d&#8217;elaboraci\u00f3 pr\u00f2pia aix\u00ed com tamb\u00e9 importem tota classe de tripa de diferents or\u00edgens.<\/p>\n<\/div><div class=\"fusion-clearfix\"><\/div><\/div><\/div><div class=\"fusion-layout-column fusion_builder_column fusion-builder-column-8 fusion_builder_column_1_2 1_2 fusion-one-half fusion-column-last\" style=\"--awb-bg-size:cover;width:50%;width:calc(50% - ( ( 4% ) * 0.5 ) );\"><div class=\"fusion-column-wrapper fusion-flex-column-wrapper-legacy\"><div class=\"fusion-sep-clear\"><\/div><div class=\"fusion-separator fusion-full-width-sep\" style=\"margin-left: auto;margin-right: auto;margin-top:40px;width:100%;\"><\/div><div class=\"fusion-sep-clear\"><\/div><div class=\"fusion-image-element in-legacy-container\" style=\"--awb-caption-title-font-family:var(--h2_typography-font-family);--awb-caption-title-font-weight:var(--h2_typography-font-weight);--awb-caption-title-font-style:var(--h2_typography-font-style);--awb-caption-title-size:var(--h2_typography-font-size);--awb-caption-title-transform:var(--h2_typography-text-transform);--awb-caption-title-line-height:var(--h2_typography-line-height);--awb-caption-title-letter-spacing:var(--h2_typography-letter-spacing);\"><span class=\" fusion-imageframe imageframe-none imageframe-1 hover-type-none\"><img decoding=\"async\" width=\"561\" height=\"286\" title=\"sobre-fimaher-empresa\" src=\"https:\/\/fimaher.com\/wp-content\/uploads\/sobre-fimaher-empresa.jpg\" alt class=\"img-responsive wp-image-661\" srcset=\"https:\/\/fimaher.com\/wp-content\/uploads\/sobre-fimaher-empresa-200x102.jpg 200w, https:\/\/fimaher.com\/wp-content\/uploads\/sobre-fimaher-empresa-400x204.jpg 400w, https:\/\/fimaher.com\/wp-content\/uploads\/sobre-fimaher-empresa.jpg 561w\" sizes=\"(max-width: 800px) 100vw, 561px\" \/><\/span><\/div><div class=\"fusion-clearfix\"><\/div><\/div><\/div><\/div><\/div><div class=\"fusion-bg-parallax\" data-bg-align=\"center center\" data-direction=\"up\" data-mute=\"false\" data-opacity=\"100\" data-velocity=\"-0.3\" data-mobile-enabled=\"false\" data-break_parents=\"0\" data-bg-image=\"https:\/\/fimaher.com\/wp-content\/uploads\/tripas-fimaher-embutidos-fondo.jpg\" data-bg-repeat=\"false\" ><\/div><div class=\"fusion-fullwidth fullwidth-box fusion-builder-row-7 fusion-parallax-up nonhundred-percent-fullwidth hundred-percent-height hundred-percent-height-center-content non-hundred-percent-height-scrolling\" style=\"--awb-border-radius-top-left:0px;--awb-border-radius-top-right:0px;--awb-border-radius-bottom-right:0px;--awb-border-radius-bottom-left:0px;--awb-padding-top:10%;--awb-padding-bottom:10%;--awb-background-image:url(&quot;https:\/\/fimaher.com\/wp-content\/uploads\/tripas-fimaher-embutidos-fondo.jpg&quot;);--awb-background-size:cover;--awb-flex-wrap:wrap;\" ><div class=\"fusion-fullwidth-center-content\"><div class=\"fusion-builder-row fusion-row\"><div class=\"fusion-layout-column fusion_builder_column fusion-builder-column-9 fusion_builder_column_1_1 1_1 fusion-one-full fusion-column-first fusion-column-last fondohome\" style=\"--awb-bg-color:rgba(255,255,255,0);--awb-bg-color-hover:rgba(255,255,255,0);--awb-bg-size:cover;\"><div class=\"fusion-column-wrapper fusion-flex-column-wrapper-legacy\"><div class=\"fusion-text fusion-text-6\"><p class=\"contacto\">Contacta amb nosaltres<\/p>\n<\/div><div class=\"fusion-text fusion-text-7\"><p class=\"subcontacto\">Si necessites m\u00e9s informaci\u00f3 sobre els nostres productes, us atendrem amb molt de gust.<\/p>\n<\/div><div class=\"fusion-sep-clear\"><\/div><div class=\"fusion-separator fusion-full-width-sep\" style=\"margin-left: auto;margin-right: auto;margin-top:32px;width:100%;\"><\/div><div class=\"fusion-sep-clear\"><\/div><div class=\"fusion-button-wrapper fusion-aligncenter\"><a class=\"fusion-button button-flat button-xlarge button-default fusion-button-default button-2 fusion-button-default-span fusion-button-default-type\" target=\"_self\" href=\"\/ca\/contactar-fimaher\/\"><span class=\"fusion-button-text awb-button__text awb-button__text--default\">CONTACTE<\/span><\/a><\/div><div class=\"fusion-clearfix\"><\/div><\/div><\/div><\/div><\/div><\/div><\/p>\n","protected":false},"excerpt":{"rendered":"","protected":false},"author":1,"featured_media":0,"parent":0,"menu_order":0,"comment_status":"closed","ping_status":"closed","template":"100-width.php","meta":{"footnotes":""},"class_list":["post-630","page","type-page","status-publish","hentry"],"yoast_head":"<!-- This site is optimized with the Yoast SEO plugin v27.4 - https:\/\/yoast.com\/product\/yoast-seo-wordpress\/ -->\n<title>Elaborador de tripa natural i venda - Triperia - Fimaher<\/title>\n<meta name=\"description\" content=\"Elaborador de tripa natural, venda i distribuci\u00f3 a fabricants d&#039;embotits, xarcuters, petits productors d&#039;embotit artes\u00e0 i particulars. Triperia de qualitat a preus competitius.\" \/>\n<meta name=\"robots\" content=\"index, follow, max-snippet:-1, max-image-preview:large, max-video-preview:-1\" \/>\n<link rel=\"canonical\" href=\"https:\/\/fimaher.com\/ca\/elaborador-tripa-natural\/\" \/>\n<meta property=\"og:locale\" content=\"ca_ES\" \/>\n<meta property=\"og:type\" content=\"article\" \/>\n<meta property=\"og:title\" content=\"Elaborador de tripa natural i venda - Triperia - Fimaher\" \/>\n<meta property=\"og:description\" content=\"Elaborador de tripa natural, venda i distribuci\u00f3 a fabricants d&#039;embotits, xarcuters, petits productors d&#039;embotit artes\u00e0 i particulars. Triperia de qualitat a preus competitius.\" \/>\n<meta property=\"og:url\" content=\"https:\/\/fimaher.com\/ca\/elaborador-tripa-natural\/\" \/>\n<meta property=\"og:site_name\" content=\"Fimaher - Fabricantes de tripa natural para embutidos\" \/>\n<meta property=\"article:modified_time\" content=\"2022-02-24T11:33:31+00:00\" \/>\n<meta name=\"twitter:card\" content=\"summary_large_image\" \/>\n<meta name=\"twitter:label1\" content=\"Temps estimat de lectura\" \/>\n\t<meta name=\"twitter:data1\" content=\"13 minuts\" \/>\n<script type=\"application\/ld+json\" class=\"yoast-schema-graph\">{\"@context\":\"https:\\\/\\\/schema.org\",\"@graph\":[{\"@type\":\"WebPage\",\"@id\":\"https:\\\/\\\/fimaher.com\\\/ca\\\/elaborador-tripa-natural\\\/\",\"url\":\"https:\\\/\\\/fimaher.com\\\/ca\\\/elaborador-tripa-natural\\\/\",\"name\":\"Elaborador de tripa natural i venda - Triperia - Fimaher\",\"isPartOf\":{\"@id\":\"https:\\\/\\\/fimaher.com\\\/#website\"},\"datePublished\":\"2018-09-04T14:39:24+00:00\",\"dateModified\":\"2022-02-24T11:33:31+00:00\",\"description\":\"Elaborador de tripa natural, venda i distribuci\u00f3 a fabricants d'embotits, xarcuters, petits productors d'embotit artes\u00e0 i particulars. Triperia de qualitat a preus competitius.\",\"breadcrumb\":{\"@id\":\"https:\\\/\\\/fimaher.com\\\/ca\\\/elaborador-tripa-natural\\\/#breadcrumb\"},\"inLanguage\":\"ca\",\"potentialAction\":[{\"@type\":\"ReadAction\",\"target\":[\"https:\\\/\\\/fimaher.com\\\/ca\\\/elaborador-tripa-natural\\\/\"]}]},{\"@type\":\"BreadcrumbList\",\"@id\":\"https:\\\/\\\/fimaher.com\\\/ca\\\/elaborador-tripa-natural\\\/#breadcrumb\",\"itemListElement\":[{\"@type\":\"ListItem\",\"position\":1,\"name\":\"Portada\",\"item\":\"https:\\\/\\\/fimaher.com\\\/ca\\\/\"},{\"@type\":\"ListItem\",\"position\":2,\"name\":\"Sobre Fimaher\"}]},{\"@type\":\"WebSite\",\"@id\":\"https:\\\/\\\/fimaher.com\\\/#website\",\"url\":\"https:\\\/\\\/fimaher.com\\\/\",\"name\":\"Fimaher - Fabricantes de tripa natural para embutidos\",\"description\":\"Triper\u00eda productora de tripa natural de gran calidad para embutidos frescos, curados y cocidos. Venta de tripa entubada, para hacer m\u00e1s f\u00e1cil el proceso de embutido.\",\"potentialAction\":[{\"@type\":\"SearchAction\",\"target\":{\"@type\":\"EntryPoint\",\"urlTemplate\":\"https:\\\/\\\/fimaher.com\\\/?s={search_term_string}\"},\"query-input\":{\"@type\":\"PropertyValueSpecification\",\"valueRequired\":true,\"valueName\":\"search_term_string\"}}],\"inLanguage\":\"ca\"}]}<\/script>\n<!-- \/ Yoast SEO plugin. -->","yoast_head_json":{"title":"Elaborador de tripa natural i venda - Triperia - Fimaher","description":"Elaborador de tripa natural, venda i distribuci\u00f3 a fabricants d'embotits, xarcuters, petits productors d'embotit artes\u00e0 i particulars. Triperia de qualitat a preus competitius.","robots":{"index":"index","follow":"follow","max-snippet":"max-snippet:-1","max-image-preview":"max-image-preview:large","max-video-preview":"max-video-preview:-1"},"canonical":"https:\/\/fimaher.com\/ca\/elaborador-tripa-natural\/","og_locale":"ca_ES","og_type":"article","og_title":"Elaborador de tripa natural i venda - Triperia - Fimaher","og_description":"Elaborador de tripa natural, venda i distribuci\u00f3 a fabricants d'embotits, xarcuters, petits productors d'embotit artes\u00e0 i particulars. Triperia de qualitat a preus competitius.","og_url":"https:\/\/fimaher.com\/ca\/elaborador-tripa-natural\/","og_site_name":"Fimaher - Fabricantes de tripa natural para embutidos","article_modified_time":"2022-02-24T11:33:31+00:00","twitter_card":"summary_large_image","twitter_misc":{"Temps estimat de lectura":"13 minuts"},"schema":{"@context":"https:\/\/schema.org","@graph":[{"@type":"WebPage","@id":"https:\/\/fimaher.com\/ca\/elaborador-tripa-natural\/","url":"https:\/\/fimaher.com\/ca\/elaborador-tripa-natural\/","name":"Elaborador de tripa natural i venda - Triperia - Fimaher","isPartOf":{"@id":"https:\/\/fimaher.com\/#website"},"datePublished":"2018-09-04T14:39:24+00:00","dateModified":"2022-02-24T11:33:31+00:00","description":"Elaborador de tripa natural, venda i distribuci\u00f3 a fabricants d'embotits, xarcuters, petits productors d'embotit artes\u00e0 i particulars. Triperia de qualitat a preus competitius.","breadcrumb":{"@id":"https:\/\/fimaher.com\/ca\/elaborador-tripa-natural\/#breadcrumb"},"inLanguage":"ca","potentialAction":[{"@type":"ReadAction","target":["https:\/\/fimaher.com\/ca\/elaborador-tripa-natural\/"]}]},{"@type":"BreadcrumbList","@id":"https:\/\/fimaher.com\/ca\/elaborador-tripa-natural\/#breadcrumb","itemListElement":[{"@type":"ListItem","position":1,"name":"Portada","item":"https:\/\/fimaher.com\/ca\/"},{"@type":"ListItem","position":2,"name":"Sobre Fimaher"}]},{"@type":"WebSite","@id":"https:\/\/fimaher.com\/#website","url":"https:\/\/fimaher.com\/","name":"Fimaher - Fabricantes de tripa natural para embutidos","description":"Triper\u00eda productora de tripa natural de gran calidad para embutidos frescos, curados y cocidos. Venta de tripa entubada, para hacer m\u00e1s f\u00e1cil el proceso de embutido.","potentialAction":[{"@type":"SearchAction","target":{"@type":"EntryPoint","urlTemplate":"https:\/\/fimaher.com\/?s={search_term_string}"},"query-input":{"@type":"PropertyValueSpecification","valueRequired":true,"valueName":"search_term_string"}}],"inLanguage":"ca"}]}},"_links":{"self":[{"href":"https:\/\/fimaher.com\/ca\/wp-json\/wp\/v2\/pages\/630","targetHints":{"allow":["GET"]}}],"collection":[{"href":"https:\/\/fimaher.com\/ca\/wp-json\/wp\/v2\/pages"}],"about":[{"href":"https:\/\/fimaher.com\/ca\/wp-json\/wp\/v2\/types\/page"}],"author":[{"embeddable":true,"href":"https:\/\/fimaher.com\/ca\/wp-json\/wp\/v2\/users\/1"}],"replies":[{"embeddable":true,"href":"https:\/\/fimaher.com\/ca\/wp-json\/wp\/v2\/comments?post=630"}],"version-history":[{"count":10,"href":"https:\/\/fimaher.com\/ca\/wp-json\/wp\/v2\/pages\/630\/revisions"}],"predecessor-version":[{"id":1052,"href":"https:\/\/fimaher.com\/ca\/wp-json\/wp\/v2\/pages\/630\/revisions\/1052"}],"wp:attachment":[{"href":"https:\/\/fimaher.com\/ca\/wp-json\/wp\/v2\/media?parent=630"}],"curies":[{"name":"wp","href":"https:\/\/api.w.org\/{rel}","templated":true}]}}